{"id":105,"date":"2017-08-04T11:15:18","date_gmt":"2017-08-04T11:15:18","guid":{"rendered":"http:\/\/feriadeteatro.es\/webmovil\/?page_id=105"},"modified":"2017-08-04T11:15:18","modified_gmt":"2017-08-04T11:15:18","slug":"mas-feria-escuela-de-espectadores","status":"publish","type":"page","link":"https:\/\/www.feriadeteatro.com\/feria2021\/mas-feria-escuela-de-espectadores\/","title":{"rendered":"M\u00e1s Feria: Escuela de Espectadores"},"content":{"rendered":"<p><div class=\"fusion-fullwidth fullwidth-box fusion-builder-row-1 fusion-flex-container nonhundred-percent-fullwidth non-hundred-percent-height-scrolling\" style=\"background-color: rgba(255,255,255,0);background-position: center center;background-repeat: no-repeat;border-width: 0px 0px 0px 0px;border-color:#eae9e9;border-style:solid;\" ><div class=\"fusion-builder-row fusion-row fusion-flex-align-items-flex-start\" style=\"max-width:calc( 1170px + 0px );margin-left: calc(-0px \/ 2 );margin-right: calc(-0px \/ 2 );\"><div class=\"fusion-layout-column fusion_builder_column fusion-builder-column-0 fusion_builder_column_1_1 1_1 fusion-flex-column\"><div class=\"fusion-column-wrapper fusion-flex-justify-content-flex-start fusion-content-layout-column\" style=\"background-position:left top;background-repeat:no-repeat;-webkit-background-size:cover;-moz-background-size:cover;-o-background-size:cover;background-size:cover;padding: 0px 0px 0px 0px;\"><div class=\"fusion-separator fusion-full-width-sep\" style=\"align-self: center;margin-left: auto;margin-right: auto;margin-top:20px;margin-bottom:20px;width:100%;\"><\/div><\/div><\/div><style type=\"text\/css\">.fusion-body .fusion-builder-column-0{width:100% !important;margin-top : 0px;margin-bottom : 0px;}.fusion-builder-column-0 > .fusion-column-wrapper {padding-top : 0px !important;padding-right : 0px !important;margin-right : 0px;padding-bottom : 0px !important;padding-left : 0px !important;margin-left : 0px;}@media only screen and (max-width:1024px) {.fusion-body .fusion-builder-column-0{width:100% !important;}.fusion-builder-column-0 > .fusion-column-wrapper {margin-right : 0px;margin-left : 0px;}}@media only screen and (max-width:640px) {.fusion-body .fusion-builder-column-0{width:100% !important;}.fusion-builder-column-0 > .fusion-column-wrapper {margin-right : 0px;margin-left : 0px;}}<\/style><\/div><style type=\"text\/css\">.fusion-body .fusion-flex-container.fusion-builder-row-1{ padding-top : 0px;margin-top : 0px;padding-right : 0px;padding-bottom : 0px;margin-bottom : 0px;padding-left : 0px;}<\/style><\/div><div class=\"fusion-fullwidth fullwidth-box fusion-builder-row-2 fusion-flex-container nonhundred-percent-fullwidth non-hundred-percent-height-scrolling\" style=\"background-color: rgba(255,255,255,0);background-position: center center;background-repeat: no-repeat;border-width: 0px 0px 0px 0px;border-color:#eae9e9;border-style:solid;\" ><div class=\"fusion-builder-row fusion-row fusion-flex-align-items-flex-start\" style=\"max-width:calc( 1170px + 0px );margin-left: calc(-0px \/ 2 );margin-right: calc(-0px \/ 2 );\"><div class=\"fusion-layout-column fusion_builder_column fusion-builder-column-1 fusion_builder_column_1_1 1_1 fusion-flex-column\"><div class=\"fusion-column-wrapper fusion-flex-justify-content-flex-start fusion-content-layout-column\" style=\"background-position:left top;background-repeat:no-repeat;-webkit-background-size:cover;-moz-background-size:cover;-o-background-size:cover;background-size:cover;padding: 0px 0px 0px 0px;\"><div class=\"fusion-text fusion-text-1\" style=\"transform:translate3d(0,0,0);\"><h2><span style=\"color: #808080;\">Escuela de espectadores<\/span><\/h2>\n<p style=\"text-align: justify;\">El programa de Escuela de Espectadores es una iniciativa que surge del \u00e1rea pedag\u00f3gica y de animaci\u00f3n teatral de la Feria de Teatro. Acoge proyectos de promoci\u00f3n de las Artes Esc\u00e9nicas y tiene como finalidad ofrecer herramientas para aprender a ver teatro, a disfrutar de las artes esc\u00e9nicas, a estimular el conocimiento del hecho teatral y a generar h\u00e1bitos culturales desde el marco de la dinamizaci\u00f3n sociocultural. En la actualidad, la Escuela de Espectadores ha cristalizado en tres iniciativas espec\u00edficas:<\/p>\n<p style=\"text-align: justify;\">&#8211; Escuela Municipal de Espectadores: <span style=\"color: #7db61a;\"><a style=\"color: #7db61a;\" href=\"http:\/\/www.escueladeespectadores.es\">www.escueladeespectadores.es<\/a><\/span><\/p>\n<p style=\"text-align: justify;\">&#8211; Escuela de Espectadores del programa Teatro en Red: <a href=\"http:\/\/www.escueladeespectadores.org\"><span style=\"color: #7db61a;\">www.escueladeespectadores.org<\/span><\/a><\/p>\n<p style=\"text-align: justify;\">&#8211; Escuela de Espectadores en la Sierra de Francia: <span style=\"color: #7db61a;\"><a style=\"color: #7db61a;\" href=\"http:\/\/www.titiriqueros.org\">www.titiriqueros.org<\/a><\/span><\/p>\n<p style=\"text-align: center;\"><img class=\"alignnone size-full wp-image-239\" src=\"https:\/\/www.feriadeteatro.es\/webmovil2018\/wp-content\/uploads\/2017\/08\/pieescueladeespectadores.jpg\" alt=\"pieescueladeespectadores\" width=\"940\" height=\"288\" srcset=\"https:\/\/www.feriadeteatro.com\/feria2021\/wp-content\/uploads\/2017\/08\/pieescueladeespectadores-200x61.jpg 200w, https:\/\/www.feriadeteatro.com\/feria2021\/wp-content\/uploads\/2017\/08\/pieescueladeespectadores-300x92.jpg 300w, https:\/\/www.feriadeteatro.com\/feria2021\/wp-content\/uploads\/2017\/08\/pieescueladeespectadores-400x123.jpg 400w, https:\/\/www.feriadeteatro.com\/feria2021\/wp-content\/uploads\/2017\/08\/pieescueladeespectadores-600x184.jpg 600w, https:\/\/www.feriadeteatro.com\/feria2021\/wp-content\/uploads\/2017\/08\/pieescueladeespectadores-768x235.jpg 768w, https:\/\/www.feriadeteatro.com\/feria2021\/wp-content\/uploads\/2017\/08\/pieescueladeespectadores-800x245.jpg 800w, https:\/\/www.feriadeteatro.com\/feria2021\/wp-content\/uploads\/2017\/08\/pieescueladeespectadores.jpg 940w\" sizes=\"(max-width: 940px) 100vw, 940px\" \/><\/p>\n<\/div><\/div><\/div><style type=\"text\/css\">.fusion-body .fusion-builder-column-1{width:100% !important;margin-top : 0px;margin-bottom : 0px;}.fusion-builder-column-1 > .fusion-column-wrapper {padding-top : 0px !important;padding-right : 0px !important;margin-right : 0px;padding-bottom : 0px !important;padding-left : 0px !important;margin-left : 0px;}@media only screen and (max-width:1024px) {.fusion-body .fusion-builder-column-1{width:100% !important;}.fusion-builder-column-1 > .fusion-column-wrapper {margin-right : 0px;margin-left : 0px;}}@media only screen and (max-width:640px) {.fusion-body .fusion-builder-column-1{width:100% !important;}.fusion-builder-column-1 > .fusion-column-wrapper {margin-right : 0px;margin-left : 0px;}}<\/style><\/div><style type=\"text\/css\">.fusion-body .fusion-flex-container.fusion-builder-row-2{ padding-top : 0px;margin-top : 0px;padding-right : 0px;padding-bottom : 0px;margin-bottom : 0px;padding-left : 0px;}<\/style><\/div><\/p>\n","protected":false},"excerpt":{"rendered":"","protected":false},"author":1,"featured_media":0,"parent":0,"menu_order":0,"comment_status":"closed","ping_status":"closed","template":"","meta":[],"_links":{"self":[{"href":"https:\/\/www.feriadeteatro.com\/feria2021\/wp-json\/wp\/v2\/pages\/105"}],"collection":[{"href":"https:\/\/www.feriadeteatro.com\/feria2021\/wp-json\/wp\/v2\/pages"}],"about":[{"href":"https:\/\/www.feriadeteatro.com\/feria2021\/wp-json\/wp\/v2\/types\/page"}],"author":[{"embeddable":true,"href":"https:\/\/www.feriadeteatro.com\/feria2021\/wp-json\/wp\/v2\/users\/1"}],"replies":[{"embeddable":true,"href":"https:\/\/www.feriadeteatro.com\/feria2021\/wp-json\/wp\/v2\/comments?post=105"}],"version-history":[{"count":0,"href":"https:\/\/www.feriadeteatro.com\/feria2021\/wp-json\/wp\/v2\/pages\/105\/revisions"}],"wp:attachment":[{"href":"https:\/\/www.feriadeteatro.com\/feria2021\/wp-json\/wp\/v2\/media?parent=105"}],"curies":[{"name":"wp","href":"https:\/\/api.w.org\/{rel}","templated":true}]}}