{"id":107,"date":"2017-08-04T11:15:45","date_gmt":"2017-08-04T11:15:45","guid":{"rendered":"http:\/\/feriadeteatro.es\/webmovil\/?page_id=107"},"modified":"2017-08-04T11:15:45","modified_gmt":"2017-08-04T11:15:45","slug":"mas-feria-divierteatro","status":"publish","type":"page","link":"https:\/\/www.feriadeteatro.com\/feria2021\/mas-feria-divierteatro\/","title":{"rendered":"Divierteatro"},"content":{"rendered":"<p><div class=\"fusion-fullwidth fullwidth-box fusion-builder-row-1 fusion-flex-container nonhundred-percent-fullwidth non-hundred-percent-height-scrolling\" style=\"background-color: rgba(255,255,255,0);background-position: center center;background-repeat: no-repeat;border-width: 0px 0px 0px 0px;border-color:#eae9e9;border-style:solid;\" ><div class=\"fusion-builder-row fusion-row fusion-flex-align-items-flex-start\" style=\"max-width:calc( 1170px + 0px );margin-left: calc(-0px \/ 2 );margin-right: calc(-0px \/ 2 );\"><div class=\"fusion-layout-column fusion_builder_column fusion-builder-column-0 fusion_builder_column_1_1 1_1 fusion-flex-column\"><div class=\"fusion-column-wrapper fusion-flex-justify-content-flex-start fusion-content-layout-column\" style=\"background-position:left top;background-repeat:no-repeat;-webkit-background-size:cover;-moz-background-size:cover;-o-background-size:cover;background-size:cover;padding: 0px 0px 0px 0px;\"><div class=\"fusion-separator fusion-full-width-sep\" style=\"align-self: center;margin-left: auto;margin-right: auto;margin-top:20px;margin-bottom:20px;width:100%;\"><\/div><\/div><\/div><style type=\"text\/css\">.fusion-body .fusion-builder-column-0{width:100% !important;margin-top : 0px;margin-bottom : 0px;}.fusion-builder-column-0 > .fusion-column-wrapper {padding-top : 0px !important;padding-right : 0px !important;margin-right : 0px;padding-bottom : 0px !important;padding-left : 0px !important;margin-left : 0px;}@media only screen and (max-width:1024px) {.fusion-body .fusion-builder-column-0{width:100% !important;}.fusion-builder-column-0 > .fusion-column-wrapper {margin-right : 0px;margin-left : 0px;}}@media only screen and (max-width:640px) {.fusion-body .fusion-builder-column-0{width:100% !important;}.fusion-builder-column-0 > .fusion-column-wrapper {margin-right : 0px;margin-left : 0px;}}<\/style><\/div><style type=\"text\/css\">.fusion-body .fusion-flex-container.fusion-builder-row-1{ padding-top : 0px;margin-top : 0px;padding-right : 0px;padding-bottom : 0px;margin-bottom : 0px;padding-left : 0px;}<\/style><\/div><div class=\"fusion-fullwidth fullwidth-box fusion-builder-row-2 fusion-flex-container nonhundred-percent-fullwidth non-hundred-percent-height-scrolling\" style=\"background-color: rgba(255,255,255,0);background-position: center center;background-repeat: no-repeat;border-width: 0px 0px 0px 0px;border-color:#eae9e9;border-style:solid;\" ><div class=\"fusion-builder-row fusion-row fusion-flex-align-items-flex-start\" style=\"max-width:calc( 1170px + 0px );margin-left: calc(-0px \/ 2 );margin-right: calc(-0px \/ 2 );\"><div class=\"fusion-layout-column fusion_builder_column fusion-builder-column-1 fusion_builder_column_1_1 1_1 fusion-flex-column\"><div class=\"fusion-column-wrapper fusion-flex-justify-content-flex-start fusion-content-layout-column\" style=\"background-position:left top;background-repeat:no-repeat;-webkit-background-size:cover;-moz-background-size:cover;-o-background-size:cover;background-size:cover;padding: 0px 0px 0px 0px;\"><div class=\"fusion-text fusion-text-1\" style=\"transform:translate3d(0,0,0);\"><h2><span style=\"color: #808080;\">Divierteatro<\/span><\/h2>\n<p>La Pl\u00e1stica esc\u00e9nica, los oficios creativos en las artes esc\u00e9nicas.<\/p>\n<p>21, 22, 23 y 24 de agosto, de 10:30 a 13:00 h.<br \/>\nEntrada libre hasta completar aforo<br \/>\nPlaza del buen Alcalde. Ni\u00f1os\/as y j\u00f3venes de 6 a 16 a\u00f1os<br \/>\nPlaza del Conde. Ni\u00f1os\/as de 3 a 6 a\u00f1os<br \/>\nAsociaci\u00f3n Cultural C\u00cdVITAS A.T.<br \/>\nE-mail: civitas@civitasanimacion.com<br \/>\nC\/ La Florida, 22. 37500 Ciudad Rodrigo. Salamanca l Tfno.: 923 482 222<\/p>\n<p>DIVIERTEATRO, el programa de Animaci\u00f3n Infantil de la Feria de Teatro de Castilla y Le\u00f3n-Ciudad , es una de las actividades complementarias estables de la programaci\u00f3n de la Feria; y se ha convertido para muchos ni\u00f1os y ni\u00f1as en uno de los primeros momentos de encuentro con el hecho teatral, en una forma de introducirlos en las artes esc\u00e9nicas utilizando para ello estrategias l\u00fadicas, art\u00edsticas y participativas destinadas a difundir,<br \/>\npromocionar y ense\u00f1ar la cultura teatral.<\/p>\n<p>Durante las ma\u00f1anas del 21, 22, 23 y 24 de agosto, de 10:30 a 13:00 h., las Plazas de buen Alcalde y Plaza del Conde se reinventan para convertirse en un espacio educativo en el que participan m\u00e1s de cinco mil ni\u00f1os y ni\u00f1as de 3 a 16 a\u00f1os, tanto de la localidad como de toda la provincia de Salamanca.<br \/>\nEn la 22\u00aa edici\u00f3n la tem\u00e1tica del Divierteatro est\u00e1 dedicada a la Pl\u00e1stica Esc\u00e9nica, a dar a conocer entre los menores todo el conjunto de elementos espaciales, pl\u00e1sticos y visuales que est\u00e1n presentes en un espect\u00e1culo teatral, como son la escenograf\u00eda, vestuario, iluminaci\u00f3n, visuales, caracterizaci\u00f3n y maquillaje, dise\u00f1o gr\u00e1fico y atrezzo.<br \/>\nLas actividades est\u00e1n articuladas en torno a diferentes centros de inter\u00e9s, que engloban actividades de expresi\u00f3n corporal, creatividad, conocimientos y expresi\u00f3n pl\u00e1stica. De este modo se han programado talleres de t\u00edteres, de vestuario, de colgantes, de cajas escenogr\u00e1ficas, de maquillaje teatral y de escenograf\u00edas, que permiten a los ni\u00f1os y ni\u00f1as participantes explorar sus habilidades pl\u00e1sticas y art\u00edsticas.<br \/>\nLa Plaza del Conde acoge las actividades para los ni\u00f1os\/as de 3 a 6 a\u00f1os en el espacio Palabreando, y en la Plaza del buen Alcalde se desarrolla una veintena de actividades, como cuentacuentos, la instalaci\u00f3n de juegos \u201cLe\u00f1a al juego\u201d y actuaciones en \u201cLa Carpa del Misterio\u201d.<\/p>\n<p style=\"text-align: justify;\"><strong>Denis Rafter<\/strong><br \/>\n\u2022 Contacto: denis rafter Tfno.: 0034 699 908 129<br \/>\ndenisrafter@hotmail.com \u2022 www.denisrafter.com<br \/>\nSesiones de cuentos en el Patio de Cerralbo, con personajes imaginarios que introducen a los ni\u00f1os y ni\u00f1as en el conocimiento de los oficios pl\u00e1sticos del teatro, de la mano del carism\u00e1tico Denis Rafter.<br \/>\nDe este modo, tambi\u00e9n nos sumamos a la celebraci\u00f3n del 50 aniversario de Denis Rafter en Espa\u00f1a.<br \/>\nCuentacuentos en la Plaza del buen Alcalde<\/p>\n<p style=\"text-align: justify;\"><strong>Pilar Borrego<\/strong><br \/>\n\u2022 Contacto: Pilar Borrego Tfno.: 0034 661 339 580<br \/>\nteatrokatua@gmail.com \u2022 www.katuateatro.com<br \/>\nSesiones de cuentos cortos y teatro de objetos para ni\u00f1os y ni\u00f1as de 3 a 6 a\u00f1os, con la intenci\u00f3n de familiarizarlos con el mundo del teatro y sus elementos, con la imaginaci\u00f3n y la interpretaci\u00f3n de Pilar Borrego Malmierca, que acaricia las palabras.<\/p>\n<p><strong>Dramagia<br \/>\n<\/strong>\u2022 Contacto: inma Ventoso Tfno.: 672 058 655<br \/>\ndramagia@gmail.com \u2022 www.dramagia.com<br \/>\n\u201cSecretos de un Viajero m\u00e1gico\u201d un espect\u00e1culo de magia teatralizada dentro de un microteatro port\u00e1til: La Carpa del Misterio, para que el p\u00fablico viva el asombro en primera persona. una experiencia m\u00e1gica que acerca al p\u00fablico al teatro. En Secretos de un Viajero M\u00e1gico, Mr. blanco sigue de ciudad en ciudad con su espect\u00e1culo de magia. De sus viajes, mostrar\u00e1 sus mejores misterios m\u00e1gicos para que descubras qu\u00e9 se esconde tras el suspense y vivas la belleza de lo inesperado. Ven a vivir la magia del misterio y &#8230;, \u00a1Shshshshsh! \u00a1Guarda los secretos!<\/p>\n<p><strong>Kamaru Teatro<br \/>\n<\/strong>\u2022 Contacto: rub\u00e9n salinero Tfno.: 646 509 774 \/ 654 281 222<br \/>\nkamaru@kamaru.es \u2022 www.kamaru.es<br \/>\n\u201cLe\u00f1a al juego\u201d (instalaci\u00f3n interactiva). Instalaci\u00f3n de 25 juegos de madera que ofrecer\u00e1n pruebas de l\u00f3gica, habilidad, equilibrio y paciencia para que los participantes jueguen a crear espacios imaginarios y sean capaces de superarse a s\u00ed mismos.<\/p>\n<p>En las diferentes ediciones, el Divierteatro se ha centrado en diferentes tem\u00e1ticas:<\/p>\n<p>21\u00aa Feria: del 21 al 25 de Agosto de 2018<\/p>\n<p><span style=\"color: #ff0000;\"><a style=\"color: #ff0000;\" href=\"https:\/\/www.feriadeteatro.es\/webmovil2018\/?page_id=906\" target=\"_blank\" rel=\"noopener noreferrer\">DIVIERTEATRO: LA MUJER EN LAS ARTES ESC\u00c9NICAS<\/a><\/span><\/p>\n<p>20\u00aa Feria: del 22 al 26 de Agosto de 2017<br \/>\n<span style=\"color: #ff0000;\">DIVIERTEATRO: LAS ARTES DE CALLE Y EL ESPACIO P\u00daBLICO<\/span><\/p>\n<p>19\u00aa Feria: del 23 al 27 de Agosto de 2016<br \/>\n<span style=\"color: #ff0000;\">DIVIERTEATRO: DIVIERARTE<\/span><\/p>\n<p>18\u00aa Feria: del 25 al 29 de Agosto de 2015<br \/>\n<span style=\"color: #ff0000;\">DIVIERTEATRO: DIVIERTEATRO SIN PALABRAS.\u00a0DEL TEATRO DE M\u00c1SCARA AL TEATRO GESTUAL<\/span><\/p>\n<p>17\u00aa Feria: del 26 al 30 de Agosto de 2014<br \/>\n<span style=\"color: #ff0000;\">DIVIERTEATRO: DIVIERT\u00cdTERE<\/span><\/p>\n<p>16\u00aa Feria: del 21 al 24 de Agosto de 2013<br \/>\n<span style=\"color: #ff0000;\">DIVIERTEATRO: LA M\u00daSICA A ESCENA<\/span><\/p>\n<p>15\u00aa Feria: del 21 al 25 de Agosto de 2012<br \/>\n<span style=\"color: #ff0000;\">DIVIERTEATRO: DIVIERMAGIA<\/span><\/p>\n<p>14\u00aa Feria: del 24 al 27 de Agosto de 2011<br \/>\n<span style=\"color: #ff0000;\">ENTRECAJAS: EL TEATRO POR DENTRO<\/span><\/p>\n<p>13\u00aa Feria: del 25 al 28 de Agosto de 2010<br \/>\n<span style=\"color: #ff0000;\">DIVIERDANZA: LAS ARTES DEL MOVIMIENTO<\/span><\/p>\n<p>12\u00aa Feria: del 26 al 29 de Agosto de 2009<br \/>\n<span style=\"color: #ff0000;\">DIVIERTEATRO: TEATROMUNDO, PAISAJES IMAGINARIOS DE LA DIVERSIDAD<\/span><\/p>\n<p>11\u00aa Feria: del 27 al 30 de Agosto de 2008<br \/>\n<span style=\"color: #ff0000;\">DIVIERTEATRO: RE-CREA<\/span><\/p>\n<p>10\u00aa Feria: del 21 al 25 de Agosto de 2007<br \/>\n<span style=\"color: #ff0000;\">DIVIERTEATRO: HISTORIA DEL TEATRO.\u00a0EL SIGLO DE ORO ESPA\u00d1OL: UN TEATRO 10<\/span><\/p>\n<p>9\u00aa Feria: del 22 al 26 de Agosto de 2006<br \/>\n<span style=\"color: #ff0000;\">DIVIERTEATRO: HISTORIA DEL TEATRO.\u00a0EL MISTERIO DEL TEATRO: LA EDAD MEDIA<\/span><\/p>\n<p>8\u00aa Feria: del 23 al 27 de Agosto de 2005<br \/>\n<span style=\"color: #ff0000;\">DIVIERTEATRO: HISTORIA DEL TEATRO.\u00a0EN LOS OR\u00cdGENES DEL TEATRO: GRECIA Y ROMA<\/span><\/p>\n<p>7\u00aa Feria: del 24 al 28 de Agosto de 2004<br \/>\n<span style=\"color: #ff0000;\">DIVIERTEATRO: MIRANDO AL CIRCO<\/span><\/p>\n<p>6\u00aa Feria: Del 19 al 23 de Agosto de 2003<br \/>\n<span style=\"color: #ff0000;\">DIVIERTEATRO: A\u00d1O EUROPEO DE LAS PERSONAS CON DISCAPACIDAD<\/span><\/p>\n<p>5\u00aa Feria: Del 21 al 24 de Agosto de 2002<br \/>\n<span style=\"color: #ff0000;\">DIVIERTEATRO: JUGANDO CON LAS PALABRAS<\/span><\/p>\n<p>4\u00aa Feria: Del 22 al 25 de Agosto de 2001<br \/>\n<span style=\"color: #ff0000;\">DIVIERTEATRO: EL EURO A ESCENA<\/span><\/p>\n<p>3\u00aa Feria: Del 23 al 26 de Agosto de 2000<br \/>\n<span style=\"color: #ff0000;\">DIVIERTEATRO. CELEBRACI\u00d3N DEL CENTENARIO DEL TEATRO NUEVO<\/span><\/p>\n<p>2\u00aa Feria: Del 25 al 28 de Agosto de 1999<br \/>\n<span style=\"color: #ff0000;\">EL MUNDO DE LOS CUENTOS<\/span><\/p>\n<p>1\u00aa Feria: Del 27 al 30 de Agosto de 1998<br \/>\n<span style=\"color: #ff0000;\">TALLERES DE ANIMACI\u00d3N INFANTIL<\/span><\/p>\n<p><img class=\"alignnone size-full wp-image-244\" src=\"https:\/\/www.feriadeteatro.es\/webmovil2018\/wp-content\/uploads\/2017\/08\/fotodivierteatromontaje.jpg\" alt=\"fotodivierteatromontaje\" width=\"400\" height=\"1304\" srcset=\"https:\/\/www.feriadeteatro.com\/feria2021\/wp-content\/uploads\/2017\/08\/fotodivierteatromontaje-92x300.jpg 92w, https:\/\/www.feriadeteatro.com\/feria2021\/wp-content\/uploads\/2017\/08\/fotodivierteatromontaje-200x652.jpg 200w, https:\/\/www.feriadeteatro.com\/feria2021\/wp-content\/uploads\/2017\/08\/fotodivierteatromontaje-314x1024.jpg 314w, https:\/\/www.feriadeteatro.com\/feria2021\/wp-content\/uploads\/2017\/08\/fotodivierteatromontaje.jpg 400w\" sizes=\"(max-width: 400px) 100vw, 400px\" \/><\/p>\n<\/div><\/div><\/div><style type=\"text\/css\">.fusion-body .fusion-builder-column-1{width:100% !important;margin-top : 0px;margin-bottom : 0px;}.fusion-builder-column-1 > .fusion-column-wrapper {padding-top : 0px !important;padding-right : 0px !important;margin-right : 0px;padding-bottom : 0px !important;padding-left : 0px !important;margin-left : 0px;}@media only screen and (max-width:1024px) {.fusion-body .fusion-builder-column-1{width:100% !important;}.fusion-builder-column-1 > .fusion-column-wrapper {margin-right : 0px;margin-left : 0px;}}@media only screen and (max-width:640px) {.fusion-body .fusion-builder-column-1{width:100% !important;}.fusion-builder-column-1 > .fusion-column-wrapper {margin-right : 0px;margin-left : 0px;}}<\/style><div class=\"fusion-layout-column fusion_builder_column fusion-builder-column-2 fusion_builder_column_1_1 1_1 fusion-flex-column\"><div class=\"fusion-column-wrapper fusion-flex-justify-content-flex-start fusion-content-layout-column\" style=\"background-position:left top;background-repeat:no-repeat;-webkit-background-size:cover;-moz-background-size:cover;-o-background-size:cover;background-size:cover;padding: 0px 0px 0px 0px;\"><\/div><\/div><style type=\"text\/css\">.fusion-body .fusion-builder-column-2{width:100% !important;margin-top : 0px;margin-bottom : 0px;}.fusion-builder-column-2 > .fusion-column-wrapper {padding-top : 0px !important;padding-right : 0px !important;margin-right : 0px;padding-bottom : 0px !important;padding-left : 0px !important;margin-left : 0px;}@media only screen and (max-width:1024px) {.fusion-body .fusion-builder-column-2{width:100% !important;}.fusion-builder-column-2 > .fusion-column-wrapper {margin-right : 0px;margin-left : 0px;}}@media only screen and (max-width:640px) {.fusion-body .fusion-builder-column-2{width:100% !important;}.fusion-builder-column-2 > .fusion-column-wrapper {margin-right : 0px;margin-left : 0px;}}<\/style><\/div><style type=\"text\/css\">.fusion-body .fusion-flex-container.fusion-builder-row-2{ padding-top : 0px;margin-top : 0px;padding-right : 0px;padding-bottom : 0px;margin-bottom : 0px;padding-left : 0px;}<\/style><\/div><\/p>\n","protected":false},"excerpt":{"rendered":"","protected":false},"author":1,"featured_media":0,"parent":0,"menu_order":0,"comment_status":"closed","ping_status":"closed","template":"","meta":[],"_links":{"self":[{"href":"https:\/\/www.feriadeteatro.com\/feria2021\/wp-json\/wp\/v2\/pages\/107"}],"collection":[{"href":"https:\/\/www.feriadeteatro.com\/feria2021\/wp-json\/wp\/v2\/pages"}],"about":[{"href":"https:\/\/www.feriadeteatro.com\/feria2021\/wp-json\/wp\/v2\/types\/page"}],"author":[{"embeddable":true,"href":"https:\/\/www.feriadeteatro.com\/feria2021\/wp-json\/wp\/v2\/users\/1"}],"replies":[{"embeddable":true,"href":"https:\/\/www.feriadeteatro.com\/feria2021\/wp-json\/wp\/v2\/comments?post=107"}],"version-history":[{"count":0,"href":"https:\/\/www.feriadeteatro.com\/feria2021\/wp-json\/wp\/v2\/pages\/107\/revisions"}],"wp:attachment":[{"href":"https:\/\/www.feriadeteatro.com\/feria2021\/wp-json\/wp\/v2\/media?parent=107"}],"curies":[{"name":"wp","href":"https:\/\/api.w.org\/{rel}","templated":true}]}}