{"id":182,"date":"2017-08-04T12:07:31","date_gmt":"2017-08-04T12:07:31","guid":{"rendered":"http:\/\/feriadeteatro.es\/webmovil\/?page_id=182"},"modified":"2017-08-04T12:07:31","modified_gmt":"2017-08-04T12:07:31","slug":"alianzas-locales","status":"publish","type":"page","link":"https:\/\/www.feriadeteatro.com\/feria2021\/alianzas-locales\/","title":{"rendered":"Alianzas Locales"},"content":{"rendered":"<p><div class=\"fusion-fullwidth fullwidth-box fusion-builder-row-1 fusion-flex-container nonhundred-percent-fullwidth non-hundred-percent-height-scrolling\" style=\"background-color: rgba(255,255,255,0);background-position: center center;background-repeat: no-repeat;border-width: 0px 0px 0px 0px;border-color:#eae9e9;border-style:solid;\" ><div class=\"fusion-builder-row fusion-row fusion-flex-align-items-flex-start\" style=\"max-width:calc( 1170px + 0px );margin-left: calc(-0px \/ 2 );margin-right: calc(-0px \/ 2 );\"><div class=\"fusion-layout-column fusion_builder_column fusion-builder-column-0 fusion_builder_column_1_1 1_1 fusion-flex-column\"><div class=\"fusion-column-wrapper fusion-flex-justify-content-flex-start fusion-content-layout-column\" style=\"background-position:left top;background-repeat:no-repeat;-webkit-background-size:cover;-moz-background-size:cover;-o-background-size:cover;background-size:cover;padding: 0px 0px 0px 0px;\"><div class=\"fusion-separator fusion-full-width-sep\" style=\"align-self: center;margin-left: auto;margin-right: auto;margin-top:20px;margin-bottom:20px;width:100%;\"><\/div><\/div><\/div><style type=\"text\/css\">.fusion-body .fusion-builder-column-0{width:100% !important;margin-top : 0px;margin-bottom : 0px;}.fusion-builder-column-0 > .fusion-column-wrapper {padding-top : 0px !important;padding-right : 0px !important;margin-right : 0px;padding-bottom : 0px !important;padding-left : 0px !important;margin-left : 0px;}@media only screen and (max-width:1024px) {.fusion-body .fusion-builder-column-0{width:100% !important;}.fusion-builder-column-0 > .fusion-column-wrapper {margin-right : 0px;margin-left : 0px;}}@media only screen and (max-width:640px) {.fusion-body .fusion-builder-column-0{width:100% !important;}.fusion-builder-column-0 > .fusion-column-wrapper {margin-right : 0px;margin-left : 0px;}}<\/style><\/div><style type=\"text\/css\">.fusion-body .fusion-flex-container.fusion-builder-row-1{ padding-top : 0px;margin-top : 0px;padding-right : 0px;padding-bottom : 0px;margin-bottom : 0px;padding-left : 0px;}<\/style><\/div><div class=\"fusion-fullwidth fullwidth-box fusion-builder-row-2 fusion-flex-container nonhundred-percent-fullwidth non-hundred-percent-height-scrolling\" style=\"background-color: rgba(255,255,255,0);background-position: center center;background-repeat: no-repeat;border-width: 0px 0px 0px 0px;border-color:#eae9e9;border-style:solid;\" ><div class=\"fusion-builder-row fusion-row fusion-flex-align-items-flex-start\" style=\"max-width:calc( 1170px + 0px );margin-left: calc(-0px \/ 2 );margin-right: calc(-0px \/ 2 );\"><div class=\"fusion-layout-column fusion_builder_column fusion-builder-column-1 fusion_builder_column_1_1 1_1 fusion-flex-column\"><div class=\"fusion-column-wrapper fusion-flex-justify-content-flex-start fusion-content-layout-column\" style=\"background-position:left top;background-repeat:no-repeat;-webkit-background-size:cover;-moz-background-size:cover;-o-background-size:cover;background-size:cover;padding: 0px 0px 0px 0px;\"><div class=\"fusion-text fusion-text-1\" style=\"transform:translate3d(0,0,0);\"><h2><span style=\"color: #808080;\">Alianzas locales<\/span><\/h2>\n<h3 style=\"text-align: justify;\"><span style=\"color: #999999;\">AFECIR<\/span><\/h3>\n<p style=\"text-align: justify;\">La Asociaci\u00f3n Federada de Empresarios de Ciudad Rodrigo (AFECIR), integrada por empresarios de todos los sectores de la localidad y las federaciones que les agrupan, es una organizaci\u00f3n comprometida con los fines y objetivos de la Feria de Teatro de Castilla y Le\u00f3n, estableciendo cauces de colaboraci\u00f3n permanente con la Asociaci\u00f3n Civitas, como entidad gestora de la Feria, a qui\u00e9n nombraron Socio de Honor de Afecir en el a\u00f1o 2012.<\/p>\n<p style=\"text-align: justify;\"><img class=\"alignnone size-full wp-image-276\" src=\"https:\/\/www.feriadeteatro.es\/webmovil2018\/wp-content\/uploads\/2017\/08\/fotocooperacionAFECIR.jpg\" alt=\"fotocooperacionafecir\" width=\"450\" height=\"279\" srcset=\"https:\/\/www.feriadeteatro.com\/feria2021\/wp-content\/uploads\/2017\/08\/fotocooperacionAFECIR-200x124.jpg 200w, https:\/\/www.feriadeteatro.com\/feria2021\/wp-content\/uploads\/2017\/08\/fotocooperacionAFECIR-300x186.jpg 300w, https:\/\/www.feriadeteatro.com\/feria2021\/wp-content\/uploads\/2017\/08\/fotocooperacionAFECIR-400x248.jpg 400w, https:\/\/www.feriadeteatro.com\/feria2021\/wp-content\/uploads\/2017\/08\/fotocooperacionAFECIR.jpg 450w\" sizes=\"(max-width: 450px) 100vw, 450px\" \/><\/p>\n<h3><span style=\"color: #999999;\">ASOCIACI\u00d3N DE AMIGOS DEL TEATRO\u00a0DE CIUDAD RODRIGO<\/span><\/h3>\n<p>La ASOCIACI\u00d3N AMIGOS DEL TEATRO DE CIUDAD RODRIGO nace del sentimiento compartido de que en Ciudad Rodrigo el Teatro es un valor patrimonial m\u00e1s por el que es conocida no s\u00f3lo en Espa\u00f1a sino fuera de nuestras fronteras; desde hace unos a\u00f1os la ciudad se ha convertido en uno de los referentes m\u00e1s importantes en el \u00e1mbito de la difusi\u00f3n del teatro profesional, pero no s\u00f3lo por el esfuerzo de los que hasta aqu\u00ed lo han hecho llegar y lo han promocionado, sino por el apoyo de un p\u00fablico que desde un principio se identific\u00f3 con todas las manifestaciones teatrales y art\u00edsticas que lo rodeaban sin escatimar inter\u00e9s, sin censurar contenidos y sin dejar de arropar a la ciudad mientras se transformaba para acogerlo: de este sentimiento compartido nace la necesidad de asociarse para defenderlo, disfrutarlo y mantenerlo.<\/p>\n<p>La Asociaci\u00f3n de Amigos del Teatro ha alcanzado la cifra de 1000 socios en 2014 y es una organizaci\u00f3n ciudadana que colabora habitualmente con la Feria de Teatro en diferentes iniciativas, destacando entre ellas la convocatoria de los Premios del P\u00fablico durante cada edici\u00f3n de la Feria.<\/p>\n<p><img class=\"alignnone size-full wp-image-275\" src=\"https:\/\/www.feriadeteatro.es\/webmovil2018\/wp-content\/uploads\/2017\/08\/fotoaliadosamigos.jpg\" alt=\"fotoaliadosamigos\" width=\"450\" height=\"279\" srcset=\"https:\/\/www.feriadeteatro.com\/feria2021\/wp-content\/uploads\/2017\/08\/fotoaliadosamigos-200x124.jpg 200w, https:\/\/www.feriadeteatro.com\/feria2021\/wp-content\/uploads\/2017\/08\/fotoaliadosamigos-300x186.jpg 300w, https:\/\/www.feriadeteatro.com\/feria2021\/wp-content\/uploads\/2017\/08\/fotoaliadosamigos-400x248.jpg 400w, https:\/\/www.feriadeteatro.com\/feria2021\/wp-content\/uploads\/2017\/08\/fotoaliadosamigos.jpg 450w\" sizes=\"(max-width: 450px) 100vw, 450px\" \/><\/p>\n<\/div><\/div><\/div><style type=\"text\/css\">.fusion-body .fusion-builder-column-1{width:100% !important;margin-top : 0px;margin-bottom : 0px;}.fusion-builder-column-1 > .fusion-column-wrapper {padding-top : 0px !important;padding-right : 0px !important;margin-right : 0px;padding-bottom : 0px !important;padding-left : 0px !important;margin-left : 0px;}@media only screen and (max-width:1024px) {.fusion-body .fusion-builder-column-1{width:100% !important;}.fusion-builder-column-1 > .fusion-column-wrapper {margin-right : 0px;margin-left : 0px;}}@media only screen and (max-width:640px) {.fusion-body .fusion-builder-column-1{width:100% !important;}.fusion-builder-column-1 > .fusion-column-wrapper {margin-right : 0px;margin-left : 0px;}}<\/style><\/div><style type=\"text\/css\">.fusion-body .fusion-flex-container.fusion-builder-row-2{ padding-top : 0px;margin-top : 0px;padding-right : 0px;padding-bottom : 0px;margin-bottom : 0px;padding-left : 0px;}<\/style><\/div><\/p>\n","protected":false},"excerpt":{"rendered":"","protected":false},"author":1,"featured_media":0,"parent":0,"menu_order":0,"comment_status":"closed","ping_status":"closed","template":"","meta":[],"_links":{"self":[{"href":"https:\/\/www.feriadeteatro.com\/feria2021\/wp-json\/wp\/v2\/pages\/182"}],"collection":[{"href":"https:\/\/www.feriadeteatro.com\/feria2021\/wp-json\/wp\/v2\/pages"}],"about":[{"href":"https:\/\/www.feriadeteatro.com\/feria2021\/wp-json\/wp\/v2\/types\/page"}],"author":[{"embeddable":true,"href":"https:\/\/www.feriadeteatro.com\/feria2021\/wp-json\/wp\/v2\/users\/1"}],"replies":[{"embeddable":true,"href":"https:\/\/www.feriadeteatro.com\/feria2021\/wp-json\/wp\/v2\/comments?post=182"}],"version-history":[{"count":0,"href":"https:\/\/www.feriadeteatro.com\/feria2021\/wp-json\/wp\/v2\/pages\/182\/revisions"}],"wp:attachment":[{"href":"https:\/\/www.feriadeteatro.com\/feria2021\/wp-json\/wp\/v2\/media?parent=182"}],"curies":[{"name":"wp","href":"https:\/\/api.w.org\/{rel}","templated":true}]}}