{"id":367,"date":"2017-08-04T09:10:48","date_gmt":"2017-08-04T09:10:48","guid":{"rendered":"http:\/\/feriadeteatro.es\/webmovil\/?page_id=6"},"modified":"2020-12-21T13:20:13","modified_gmt":"2020-12-21T13:20:13","slug":"presentacion","status":"publish","type":"page","link":"https:\/\/www.feriadeteatro.com\/feria2021\/presentacion\/","title":{"rendered":"Presentaci\u00f3n"},"content":{"rendered":"<p><div class=\"fusion-fullwidth fullwidth-box fusion-builder-row-1 fusion-flex-container nonhundred-percent-fullwidth non-hundred-percent-height-scrolling\" style=\"background-color: rgba(255,255,255,0);background-position: center center;background-repeat: no-repeat;border-width: 0px 0px 0px 0px;border-color:#eae9e9;border-style:solid;\" ><div class=\"fusion-builder-row fusion-row fusion-flex-align-items-flex-start\" style=\"max-width:1216.8px;margin-left: calc(-4% \/ 2 );margin-right: calc(-4% \/ 2 );\"><div class=\"fusion-layout-column fusion_builder_column fusion-builder-column-0 fusion_builder_column_1_1 1_1 fusion-flex-column\"><div class=\"fusion-column-wrapper fusion-flex-justify-content-flex-start fusion-content-layout-column\" style=\"background-position:left top;background-repeat:no-repeat;-webkit-background-size:cover;-moz-background-size:cover;-o-background-size:cover;background-size:cover;padding: 0px 0px 0px 0px;\"><div class=\"fusion-separator fusion-full-width-sep\" style=\"align-self: center;margin-left: auto;margin-right: auto;margin-top:20px;margin-bottom:20px;width:100%;\"><\/div><\/div><\/div><style type=\"text\/css\">.fusion-body .fusion-builder-column-0{width:100% !important;margin-top : 0px;margin-bottom : 0px;}.fusion-builder-column-0 > .fusion-column-wrapper {padding-top : 0px !important;padding-right : 0px !important;margin-right : 1.92%;padding-bottom : 0px !important;padding-left : 0px !important;margin-left : 1.92%;}@media only screen and (max-width:1024px) {.fusion-body .fusion-builder-column-0{width:100% !important;}.fusion-builder-column-0 > .fusion-column-wrapper {margin-right : 1.92%;margin-left : 1.92%;}}@media only screen and (max-width:640px) {.fusion-body .fusion-builder-column-0{width:100% !important;}.fusion-builder-column-0 > .fusion-column-wrapper {margin-right : 1.92%;margin-left : 1.92%;}}<\/style><\/div><style type=\"text\/css\">.fusion-body .fusion-flex-container.fusion-builder-row-1{ padding-top : 0px;margin-top : 0px;padding-right : 0px;padding-bottom : 0px;margin-bottom : 0px;padding-left : 0px;}<\/style><\/div><div class=\"fusion-fullwidth fullwidth-box fusion-builder-row-2 fusion-flex-container nonhundred-percent-fullwidth non-hundred-percent-height-scrolling\" style=\"background-color: rgba(255,255,255,0);background-position: center center;background-repeat: no-repeat;border-width: 0px 0px 0px 0px;border-color:#eae9e9;border-style:solid;\" ><div class=\"fusion-builder-row fusion-row fusion-flex-align-items-flex-start\" style=\"max-width:1216.8px;margin-left: calc(-4% \/ 2 );margin-right: calc(-4% \/ 2 );\"><div class=\"fusion-layout-column fusion_builder_column fusion-builder-column-1 fusion_builder_column_1_1 1_1 fusion-flex-column\"><div class=\"fusion-column-wrapper fusion-flex-justify-content-flex-start fusion-content-layout-column\" style=\"background-position:left top;background-repeat:no-repeat;-webkit-background-size:cover;-moz-background-size:cover;-o-background-size:cover;background-size:cover;padding: 0px 0px 0px 0px;\"><div class=\"fusion-text fusion-text-1\" style=\"transform:translate3d(0,0,0);\"><p><a href=\"https:\/\/feriadeteatro.com\/feria2021\/presentation\/\"><img class=\"alignright wp-image-464 size-full\" src=\"https:\/\/www.feriadeteatro.com\/feria2021\/wp-content\/uploads\/2017\/12\/banderaing.png\" alt=\"\" width=\"38\" height=\"28\" \/><\/a><\/p>\n<h3 style=\"text-align: left;\"><strong>24 FERIA DE TEATRO DE CASTILLA Y LE\u00d3N<br \/>\nCIUDAD RODRIGO. 24\/28 AGOSTO. 2021<\/strong><\/h3>\n<p style=\"text-align: justify;\">La Feria de Teatro de Castilla y Le\u00f3n\/Ciudad Rodrigo, volvi\u00f3 a convertirse en el principal mercado del Occidente Peninsular el pasado a\u00f1o pese a tener que acomodarnos a las circunstancias excepcionales para la exhibici\u00f3n de espect\u00e1culos como consecuencia de la covid19, celebrando su 23\u00aa edici\u00f3n con la participaci\u00f3n de 33 compa\u00f1\u00edas, que mostraron sus espect\u00e1culos en 52 funciones a las que accedieron 5600 personas, entre p\u00fablico y profesionales acreditados. La feria se realiz\u00f3 en su formato presencial, sin renunciar a algunas acciones online, reivindicando la necesidad del hecho teatral como esencia de la comunicaci\u00f3n, el rito y la relaci\u00f3n entre las personas. Ciudad Rodrigo atesora una programaci\u00f3n multidisciplinar y ecl\u00e9ctica, comprometida con las preocupaciones sociales y que reivindica prioritariamente el teatro de texto en castellano. Tanto lo convencional como lo m\u00e1s arriesgado tiene cabida en la Feria de Teatro, que cuenta con la complicidad de diferentes agentes del sector; sin olvidar que el talento creativo del sector es un motor que revitaliza la Feria cada edici\u00f3n.<\/p>\n<p style=\"text-align: justify;\">La organizaci\u00f3n de este foro profesional es m\u00e1s imprescindible en las circunstancias actuales, y sin perder de vista las incertidumbres que nos acompa\u00f1an actualmente, pretende continuar trabajando por la consecuci\u00f3n de sus objetivos aun introduciendo cambios en los modelos organizativos que demandan los nuevos tiempos.<\/p>\n<p style=\"text-align: justify;\">La Consejer\u00eda de Cultura y Turismo de la Junta de Castilla y Le\u00f3n promueve la organizaci\u00f3n de la Feria de Teatro en alianza con el Ayuntamiento de Ciudad Rodrigo, la Diputaci\u00f3n Provincial de Salamanca y la Asociaci\u00f3n CIVITAS; perseverando en las estrategias de promoci\u00f3n de las industrias culturales y la estimulaci\u00f3n del mercado de las artes esc\u00e9nicas de forma prioritaria en Castilla y Le\u00f3n y Portugal.<\/p>\n<p style=\"text-align: justify;\">Despu\u00e9s de dos d\u00e9cadas, la Feria se configura como un servicio p\u00fablico para la estimulaci\u00f3n del sector cultural en nuestra Comunidad, aporta energ\u00eda a la dinamizaci\u00f3n de los mercados esc\u00e9nicos en la pen\u00ednsula ib\u00e9rica y contribuye a revalorizar todo el territorio.<\/p>\n<p style=\"text-align: justify;\"><strong>\u00a1La 24\u00aa Feria de Teatro es vuestra oportunidad!<\/strong><\/p>\n<\/div><div ><span class=\" fusion-imageframe imageframe-none imageframe-1 hover-type-none\"><img width=\"1500\" height=\"1047\" title=\"TEATRODEPONIENTE_09\" src=\"https:\/\/www.feriadeteatro.com\/feria2021\/wp-content\/uploads\/2020\/12\/TEATRODEPONIENTE_09.jpg\" class=\"img-responsive wp-image-5280\" srcset=\"https:\/\/www.feriadeteatro.com\/feria2021\/wp-content\/uploads\/2020\/12\/TEATRODEPONIENTE_09-200x140.jpg 200w, https:\/\/www.feriadeteatro.com\/feria2021\/wp-content\/uploads\/2020\/12\/TEATRODEPONIENTE_09-400x279.jpg 400w, https:\/\/www.feriadeteatro.com\/feria2021\/wp-content\/uploads\/2020\/12\/TEATRODEPONIENTE_09-600x419.jpg 600w, https:\/\/www.feriadeteatro.com\/feria2021\/wp-content\/uploads\/2020\/12\/TEATRODEPONIENTE_09-800x558.jpg 800w, https:\/\/www.feriadeteatro.com\/feria2021\/wp-content\/uploads\/2020\/12\/TEATRODEPONIENTE_09-1200x838.jpg 1200w, https:\/\/www.feriadeteatro.com\/feria2021\/wp-content\/uploads\/2020\/12\/TEATRODEPONIENTE_09.jpg 1500w\" sizes=\"(max-width: 640px) 100vw, 1200px\" \/><\/span><\/div><\/div><\/div><style type=\"text\/css\">.fusion-body .fusion-builder-column-1{width:100% !important;margin-top : 0px;margin-bottom : 0px;}.fusion-builder-column-1 > .fusion-column-wrapper {padding-top : 0px !important;padding-right : 0px !important;margin-right : 1.92%;padding-bottom : 0px !important;padding-left : 0px !important;margin-left : 1.92%;}@media only screen and (max-width:1024px) {.fusion-body .fusion-builder-column-1{width:100% !important;}.fusion-builder-column-1 > .fusion-column-wrapper {margin-right : 1.92%;margin-left : 1.92%;}}@media only screen and (max-width:640px) {.fusion-body .fusion-builder-column-1{width:100% !important;}.fusion-builder-column-1 > .fusion-column-wrapper {margin-right : 1.92%;margin-left : 1.92%;}}<\/style><\/div><style type=\"text\/css\">.fusion-body .fusion-flex-container.fusion-builder-row-2{ padding-top : 0px;margin-top : 0px;padding-right : 0px;padding-bottom : 0px;margin-bottom : 0px;padding-left : 0px;}<\/style><\/div><div class=\"fusion-fullwidth fullwidth-box fusion-builder-row-3 fusion-flex-container nonhundred-percent-fullwidth non-hundred-percent-height-scrolling\" style=\"background-color: rgba(255,255,255,0);background-position: center center;background-repeat: no-repeat;border-width: 0px 0px 0px 0px;border-color:#eae9e9;border-style:solid;\" ><div class=\"fusion-builder-row fusion-row fusion-flex-align-items-flex-start\" style=\"max-width:1216.8px;margin-left: calc(-4% \/ 2 );margin-right: calc(-4% \/ 2 );\"><div class=\"fusion-layout-column fusion_builder_column fusion-builder-column-2 fusion_builder_column_1_1 1_1 fusion-flex-column\"><div class=\"fusion-column-wrapper fusion-flex-justify-content-flex-start fusion-content-layout-column\" style=\"background-position:left top;background-repeat:no-repeat;-webkit-background-size:cover;-moz-background-size:cover;-o-background-size:cover;background-size:cover;padding: 0px 0px 0px 0px;\"><\/div><\/div><style type=\"text\/css\">.fusion-body .fusion-builder-column-2{width:100% !important;margin-top : 0px;margin-bottom : 0px;}.fusion-builder-column-2 > .fusion-column-wrapper {padding-top : 0px !important;padding-right : 0px !important;margin-right : 1.92%;padding-bottom : 0px !important;padding-left : 0px !important;margin-left : 1.92%;}@media only screen and (max-width:1024px) {.fusion-body .fusion-builder-column-2{width:100% !important;}.fusion-builder-column-2 > .fusion-column-wrapper {margin-right : 1.92%;margin-left : 1.92%;}}@media only screen and (max-width:640px) {.fusion-body .fusion-builder-column-2{width:100% !important;}.fusion-builder-column-2 > .fusion-column-wrapper {margin-right : 1.92%;margin-left : 1.92%;}}<\/style><\/div><style type=\"text\/css\">.fusion-body .fusion-flex-container.fusion-builder-row-3{ padding-top : 0px;margin-top : 0px;padding-right : 0px;padding-bottom : 0px;margin-bottom : 0px;padding-left : 0px;}<\/style><\/div><\/p>\n","protected":false},"excerpt":{"rendered":"","protected":false},"author":1,"featured_media":0,"parent":0,"menu_order":0,"comment_status":"closed","ping_status":"closed","template":"","meta":[],"_links":{"self":[{"href":"https:\/\/www.feriadeteatro.com\/feria2021\/wp-json\/wp\/v2\/pages\/367"}],"collection":[{"href":"https:\/\/www.feriadeteatro.com\/feria2021\/wp-json\/wp\/v2\/pages"}],"about":[{"href":"https:\/\/www.feriadeteatro.com\/feria2021\/wp-json\/wp\/v2\/types\/page"}],"author":[{"embeddable":true,"href":"https:\/\/www.feriadeteatro.com\/feria2021\/wp-json\/wp\/v2\/users\/1"}],"replies":[{"embeddable":true,"href":"https:\/\/www.feriadeteatro.com\/feria2021\/wp-json\/wp\/v2\/comments?post=367"}],"version-history":[{"count":3,"href":"https:\/\/www.feriadeteatro.com\/feria2021\/wp-json\/wp\/v2\/pages\/367\/revisions"}],"predecessor-version":[{"id":5474,"href":"https:\/\/www.feriadeteatro.com\/feria2021\/wp-json\/wp\/v2\/pages\/367\/revisions\/5474"}],"wp:attachment":[{"href":"https:\/\/www.feriadeteatro.com\/feria2021\/wp-json\/wp\/v2\/media?parent=367"}],"curies":[{"name":"wp","href":"https:\/\/api.w.org\/{rel}","templated":true}]}}