{"id":44,"date":"2017-08-04T09:23:22","date_gmt":"2017-08-04T09:23:22","guid":{"rendered":"http:\/\/feriadeteatro.es\/webmovil\/?page_id=44"},"modified":"2017-08-04T09:23:22","modified_gmt":"2017-08-04T09:23:22","slug":"datos-companias-de-castilla-y-leon","status":"publish","type":"page","link":"https:\/\/www.feriadeteatro.com\/feria2021\/datos-companias-de-castilla-y-leon\/","title":{"rendered":"Datos compa\u00f1\u00edas de Castilla y Le\u00f3n"},"content":{"rendered":"<p><div class=\"fusion-fullwidth fullwidth-box fusion-builder-row-1 fusion-flex-container nonhundred-percent-fullwidth non-hundred-percent-height-scrolling\" style=\"background-color: rgba(255,255,255,0);background-position: center center;background-repeat: no-repeat;border-width: 0px 0px 0px 0px;border-color:#eae9e9;border-style:solid;\" ><div class=\"fusion-builder-row fusion-row fusion-flex-align-items-flex-start\" style=\"max-width:calc( 1170px + 0px );margin-left: calc(-0px \/ 2 );margin-right: calc(-0px \/ 2 );\"><div class=\"fusion-layout-column fusion_builder_column fusion-builder-column-0 fusion_builder_column_1_1 1_1 fusion-flex-column\"><div class=\"fusion-column-wrapper fusion-flex-justify-content-flex-start fusion-content-layout-column\" style=\"background-position:left top;background-repeat:no-repeat;-webkit-background-size:cover;-moz-background-size:cover;-o-background-size:cover;background-size:cover;padding: 0px 0px 0px 0px;\"><div class=\"fusion-separator fusion-full-width-sep\" style=\"align-self: center;margin-left: auto;margin-right: auto;margin-top:20px;margin-bottom:20px;width:100%;\"><\/div><\/div><\/div><style type=\"text\/css\">.fusion-body .fusion-builder-column-0{width:100% !important;margin-top : 0px;margin-bottom : 0px;}.fusion-builder-column-0 > .fusion-column-wrapper {padding-top : 0px !important;padding-right : 0px !important;margin-right : 0px;padding-bottom : 0px !important;padding-left : 0px !important;margin-left : 0px;}@media only screen and (max-width:1024px) {.fusion-body .fusion-builder-column-0{width:100% !important;}.fusion-builder-column-0 > .fusion-column-wrapper {margin-right : 0px;margin-left : 0px;}}@media only screen and (max-width:640px) {.fusion-body .fusion-builder-column-0{width:100% !important;}.fusion-builder-column-0 > .fusion-column-wrapper {margin-right : 0px;margin-left : 0px;}}<\/style><\/div><style type=\"text\/css\">.fusion-body .fusion-flex-container.fusion-builder-row-1{ padding-top : 0px;margin-top : 0px;padding-right : 0px;padding-bottom : 0px;margin-bottom : 0px;padding-left : 0px;}<\/style><\/div><div class=\"fusion-fullwidth fullwidth-box fusion-builder-row-2 fusion-flex-container nonhundred-percent-fullwidth non-hundred-percent-height-scrolling\" style=\"background-color: rgba(255,255,255,0);background-position: center center;background-repeat: no-repeat;border-width: 0px 0px 0px 0px;border-color:#eae9e9;border-style:solid;\" ><div class=\"fusion-builder-row fusion-row fusion-flex-align-items-flex-start\" style=\"max-width:calc( 1170px + 0px );margin-left: calc(-0px \/ 2 );margin-right: calc(-0px \/ 2 );\"><div class=\"fusion-layout-column fusion_builder_column fusion-builder-column-1 fusion_builder_column_1_1 1_1 fusion-flex-column\"><div class=\"fusion-column-wrapper fusion-flex-justify-content-flex-start fusion-content-layout-column\" style=\"background-position:left top;background-repeat:no-repeat;-webkit-background-size:cover;-moz-background-size:cover;-o-background-size:cover;background-size:cover;padding: 0px 0px 0px 0px;\"><div class=\"fusion-text fusion-text-1\" style=\"transform:translate3d(0,0,0);\"><table border=\"0\" width=\"100%\" cellspacing=\"0\" cellpadding=\"0\">\n<tbody>\n<tr>\n<td>\n<div align=\"center\">\n<div align=\"center\">\n<table border=\"0\" width=\"100%\" cellspacing=\"0\" cellpadding=\"0\">\n<tbody>\n<tr>\n<td>\n<div align=\"center\">\n<div align=\"center\">\n<h2 style=\"text-align: left;\"><span style=\"color: #808080;\">Datos de las Compa\u00f1\u00edas de Castilla y Le\u00f3n<\/span><\/h2>\n<table id=\"table17\" border=\"0\" width=\"75%\" cellpadding=\"2\">\n<tbody>\n<tr>\n<td align=\"middle\" bgcolor=\"#333333\" width=\"50%\"><b><span style=\"color: #ffffff; font-family: Verdana; font-size: xx-small;\">A\u00d1O<\/span><\/b><\/td>\n<td align=\"middle\" bgcolor=\"#333333\" width=\"50%\"><b><span style=\"color: #ffffff; font-family: Verdana; font-size: xx-small;\">COMPA\u00d1\u00cdAS DE CASTILLA Y LE\u00d3N SELECCIONADAS<br \/>\nEN LAS VEINTITR\u00c9S EDICIONES<\/span><\/b><\/td>\n<\/tr>\n<tr>\n<td align=\"middle\" width=\"50%\"><span style=\"color: #333333; font-family: Verdana; font-size: xx-small;\">1998<\/span><\/td>\n<td align=\"middle\" width=\"50%\"><span style=\"color: #333333; font-family: Verdana; font-size: xx-small;\">10<\/span><\/td>\n<\/tr>\n<tr>\n<td align=\"middle\" bgcolor=\"#C0C0C0\" width=\"50%\"><span style=\"color: #333333; font-family: Verdana; font-size: xx-small;\">1999<\/span><\/td>\n<td align=\"middle\" bgcolor=\"#C0C0C0\" width=\"50%\"><span style=\"color: #333333; font-family: Verdana; font-size: xx-small;\">13<\/span><\/td>\n<\/tr>\n<tr>\n<td align=\"middle\" width=\"50%\"><span style=\"color: #333333; font-family: Verdana; font-size: xx-small;\">2000<\/span><\/td>\n<td align=\"middle\" width=\"50%\"><span style=\"color: #333333; font-family: Verdana; font-size: xx-small;\">11<\/span><\/td>\n<\/tr>\n<tr>\n<td align=\"middle\" bgcolor=\"#C0C0C0\" width=\"50%\"><span style=\"color: #333333; font-family: Verdana; font-size: xx-small;\">2001<\/span><\/td>\n<td align=\"middle\" bgcolor=\"#C0C0C0\" width=\"50%\"><span style=\"color: #333333; font-family: Verdana; font-size: xx-small;\">9<\/span><\/td>\n<\/tr>\n<tr>\n<td align=\"middle\" width=\"50%\"><span style=\"color: #333333; font-family: Verdana; font-size: xx-small;\">2002<\/span><\/td>\n<td align=\"middle\" width=\"50%\"><span style=\"color: #333333; font-family: Verdana; font-size: xx-small;\">7<\/span><\/td>\n<\/tr>\n<tr>\n<td align=\"middle\" bgcolor=\"#C0C0C0\" width=\"50%\"><span style=\"color: #333333; font-family: Verdana; font-size: xx-small;\">2003<\/span><\/td>\n<td align=\"middle\" bgcolor=\"#C0C0C0\" width=\"50%\"><span style=\"color: #333333; font-family: Verdana; font-size: xx-small;\">13<\/span><\/td>\n<\/tr>\n<tr>\n<td align=\"middle\" width=\"50%\"><span style=\"color: #333333; font-family: Verdana; font-size: xx-small;\">2004<\/span><\/td>\n<td align=\"middle\" width=\"50%\"><span style=\"color: #333333; font-family: Verdana; font-size: xx-small;\">8<\/span><\/td>\n<\/tr>\n<tr>\n<td align=\"middle\" bgcolor=\"#C0C0C0\" width=\"50%\"><span style=\"color: #333333; font-family: Verdana; font-size: xx-small;\">2005<\/span><\/td>\n<td align=\"middle\" bgcolor=\"#C0C0C0\" width=\"50%\"><span style=\"color: #333333; font-family: Verdana; font-size: xx-small;\">9<\/span><\/td>\n<\/tr>\n<tr>\n<td align=\"middle\" width=\"50%\"><span style=\"color: #333333; font-family: Verdana; font-size: xx-small;\">2006<\/span><\/td>\n<td align=\"middle\" width=\"50%\"><span style=\"color: #333333; font-family: Verdana; font-size: xx-small;\">8<\/span><\/td>\n<\/tr>\n<tr>\n<td align=\"middle\" bgcolor=\"#C0C0C0\" width=\"50%\"><span style=\"color: #333333; font-family: Verdana; font-size: xx-small;\">2007<\/span><\/td>\n<td align=\"middle\" bgcolor=\"#C0C0C0\" width=\"50%\"><span style=\"color: #333333; font-family: Verdana; font-size: xx-small;\">15<\/span><\/td>\n<\/tr>\n<tr>\n<td align=\"middle\" width=\"50%\"><span style=\"color: #333333; font-family: Verdana; font-size: xx-small;\">2008<\/span><\/td>\n<td align=\"middle\" width=\"50%\"><span style=\"color: #333333; font-family: Verdana; font-size: xx-small;\">11<\/span><\/td>\n<\/tr>\n<tr>\n<td align=\"middle\" bgcolor=\"#C0C0C0\" width=\"50%\"><span style=\"color: #333333; font-family: Verdana; font-size: xx-small;\">2009<\/span><\/td>\n<td align=\"middle\" bgcolor=\"#C0C0C0\" width=\"50%\"><span style=\"color: #333333; font-family: Verdana; font-size: xx-small;\">12<\/span><\/td>\n<\/tr>\n<tr>\n<td align=\"middle\" width=\"50%\"><span style=\"color: #333333; font-family: Verdana; font-size: xx-small;\">2010<\/span><\/td>\n<td align=\"middle\" width=\"50%\"><span style=\"color: #333333; font-family: Verdana; font-size: xx-small;\">10<\/span><\/td>\n<\/tr>\n<tr>\n<td align=\"middle\" bgcolor=\"#C0C0C0\" width=\"50%\"><span style=\"color: #333333; font-family: Verdana; font-size: xx-small;\">2011<\/span><\/td>\n<td align=\"middle\" bgcolor=\"#C0C0C0\" width=\"50%\"><span style=\"color: #333333; font-family: Verdana; font-size: xx-small;\">11<\/span><\/td>\n<\/tr>\n<tr>\n<td align=\"middle\" width=\"50%\"><span style=\"color: #333333; font-family: Verdana; font-size: xx-small;\">2012<\/span><\/td>\n<td align=\"middle\" width=\"50%\"><span style=\"color: #333333; font-family: Verdana; font-size: xx-small;\">10<\/span><\/td>\n<\/tr>\n<tr>\n<td align=\"middle\" bgcolor=\"#C0C0C0\" width=\"50%\"><span style=\"color: #333333; font-family: Verdana; font-size: xx-small;\">2013<\/span><\/td>\n<td align=\"middle\" bgcolor=\"#C0C0C0\" width=\"50%\"><span style=\"color: #333333; font-family: Verdana; font-size: xx-small;\">11<\/span><\/td>\n<\/tr>\n<tr>\n<td align=\"middle\" width=\"50%\"><span style=\"color: #333333; font-family: Verdana; font-size: xx-small;\">2014<\/span><\/td>\n<td align=\"middle\" width=\"50%\"><span style=\"color: #333333; font-family: Verdana; font-size: xx-small;\">14<\/span><\/td>\n<\/tr>\n<tr>\n<td align=\"middle\" bgcolor=\"#C0C0C0\" width=\"50%\"><span style=\"color: #333333; font-family: Verdana; font-size: xx-small;\">2015<\/span><\/td>\n<td align=\"middle\" bgcolor=\"#C0C0C0\" width=\"50%\"><span style=\"color: #333333; font-family: Verdana; font-size: xx-small;\">15<\/span><\/td>\n<\/tr>\n<tr>\n<td align=\"middle\" width=\"50%\"><span style=\"color: #333333; font-family: Verdana; font-size: xx-small;\">2016<\/span><\/td>\n<td align=\"middle\" width=\"50%\"><span style=\"color: #333333; font-family: Verdana; font-size: xx-small;\">17<\/span><\/td>\n<\/tr>\n<tr>\n<td align=\"middle\" bgcolor=\"#C0C0C0\" width=\"50%\"><span style=\"color: #333333; font-family: Verdana; font-size: xx-small;\">201<\/span><span style=\"color: #333333; font-size: xx-small;\">7<\/span><\/td>\n<td align=\"middle\" bgcolor=\"#C0C0C0\" width=\"50%\"><span style=\"color: #333333; font-size: xx-small;\">14<\/span><\/td>\n<\/tr>\n<tr>\n<td align=\"middle\" bgcolor=\"#ffffff\" width=\"50%\"><span style=\"color: #333333; font-family: Verdana; font-size: xx-small;\">2018<\/span><\/td>\n<td align=\"middle\" bgcolor=\"#ffffff\" width=\"50%\"><span style=\"color: #333333; font-size: xx-small;\">15<\/span><\/td>\n<\/tr>\n<tr>\n<td align=\"middle\" bgcolor=\"#C0C0C0\" width=\"50%\"><span style=\"color: #333333; font-family: Verdana; font-size: xx-small;\">2019<\/span><\/td>\n<td align=\"middle\" bgcolor=\"#C0C0C0\" width=\"50%\"><span style=\"color: #333333; font-size: xx-small;\">18<\/span><\/td>\n<\/tr>\n<tr>\n<td style=\"text-align: center;\"><span style=\"color: #333333; font-family: Verdana; font-size: xx-small;\">2020<\/span><\/td>\n<td style=\"text-align: center;\"><span style=\"color: #333333; font-size: xx-small;\">17<\/span><\/td>\n<\/tr>\n<tr>\n<td align=\"middle\" bgcolor=\"#505050\" width=\"50%\"><span style=\"color: #ffffff; font-family: Verdana; font-size: xx-small;\">TOTAL<\/span><\/td>\n<td align=\"middle\" bgcolor=\"#505050\" width=\"50%\"><span style=\"color: #ffffff; font-size: xx-small;\">270<\/span><\/td>\n<\/tr>\n<\/tbody>\n<\/table>\n<\/div>\n<\/div>\n<\/td>\n<\/tr>\n<tr>\n<td align=\"justify\"><span style=\"font-family: Verdana; font-size: small;\">\u00a0<\/span><\/td>\n<\/tr>\n<\/tbody>\n<\/table>\n<\/div>\n<\/div>\n<\/td>\n<\/tr>\n<tr>\n<td align=\"justify\"><\/td>\n<\/tr>\n<tr>\n<td align=\"justify\">&#8211; El 37% de las compa\u00f1\u00edas programadas en las 23 ediciones de la Feria de Teatro, son compa\u00f1\u00edas de Castilla y Le\u00f3n. Se han programado 357 espect\u00e1culos de 110 compa\u00f1\u00edas diferentes en las 23 ediciones de la Feria de Teatro de Castilla y Le\u00f3n.<\/td>\n<\/tr>\n<tr>\n<td align=\"justify\">&#8211; El gasto en cach\u00e9s abonados a compa\u00f1\u00edas de Castilla y Le\u00f3n ha supuesto el 37,4 % del total de lo gastado en esta partida en las veintitr\u00e9s ediciones y ha ascendido a 473.502,36\u20ac.<\/td>\n<\/tr>\n<tr>\n<td align=\"justify\"><\/td>\n<\/tr>\n<tr>\n<td align=\"justify\"><\/td>\n<\/tr>\n<\/tbody>\n<\/table>\n<\/div><\/div><\/div><style type=\"text\/css\">.fusion-body .fusion-builder-column-1{width:100% !important;margin-top : 0px;margin-bottom : 0px;}.fusion-builder-column-1 > .fusion-column-wrapper {padding-top : 0px !important;padding-right : 0px !important;margin-right : 0px;padding-bottom : 0px !important;padding-left : 0px !important;margin-left : 0px;}@media only screen and (max-width:1024px) {.fusion-body .fusion-builder-column-1{width:100% !important;}.fusion-builder-column-1 > .fusion-column-wrapper {margin-right : 0px;margin-left : 0px;}}@media only screen and (max-width:640px) {.fusion-body .fusion-builder-column-1{width:100% !important;}.fusion-builder-column-1 > .fusion-column-wrapper {margin-right : 0px;margin-left : 0px;}}<\/style><\/div><style type=\"text\/css\">.fusion-body .fusion-flex-container.fusion-builder-row-2{ padding-top : 0px;margin-top : 0px;padding-right : 0px;padding-bottom : 0px;margin-bottom : 0px;padding-left : 0px;}<\/style><\/div><\/p>\n","protected":false},"excerpt":{"rendered":"","protected":false},"author":1,"featured_media":0,"parent":0,"menu_order":0,"comment_status":"closed","ping_status":"closed","template":"","meta":[],"_links":{"self":[{"href":"https:\/\/www.feriadeteatro.com\/feria2021\/wp-json\/wp\/v2\/pages\/44"}],"collection":[{"href":"https:\/\/www.feriadeteatro.com\/feria2021\/wp-json\/wp\/v2\/pages"}],"about":[{"href":"https:\/\/www.feriadeteatro.com\/feria2021\/wp-json\/wp\/v2\/types\/page"}],"author":[{"embeddable":true,"href":"https:\/\/www.feriadeteatro.com\/feria2021\/wp-json\/wp\/v2\/users\/1"}],"replies":[{"embeddable":true,"href":"https:\/\/www.feriadeteatro.com\/feria2021\/wp-json\/wp\/v2\/comments?post=44"}],"version-history":[{"count":0,"href":"https:\/\/www.feriadeteatro.com\/feria2021\/wp-json\/wp\/v2\/pages\/44\/revisions"}],"wp:attachment":[{"href":"https:\/\/www.feriadeteatro.com\/feria2021\/wp-json\/wp\/v2\/media?parent=44"}],"curies":[{"name":"wp","href":"https:\/\/api.w.org\/{rel}","templated":true}]}}