{"id":57,"date":"2017-08-04T09:24:16","date_gmt":"2017-08-04T09:24:16","guid":{"rendered":"http:\/\/feriadeteatro.es\/webmovil\/?page_id=57"},"modified":"2017-08-04T09:24:16","modified_gmt":"2017-08-04T09:24:16","slug":"datos-espectadores","status":"publish","type":"page","link":"https:\/\/www.feriadeteatro.com\/feria2021\/datos-espectadores\/","title":{"rendered":"Datos espectadores"},"content":{"rendered":"<p><div class=\"fusion-fullwidth fullwidth-box fusion-builder-row-1 fusion-flex-container nonhundred-percent-fullwidth non-hundred-percent-height-scrolling\" style=\"background-color: rgba(255,255,255,0);background-position: center center;background-repeat: no-repeat;border-width: 0px 0px 0px 0px;border-color:#eae9e9;border-style:solid;\" ><div class=\"fusion-builder-row fusion-row fusion-flex-align-items-flex-start\" style=\"max-width:calc( 1170px + 0px );margin-left: calc(-0px \/ 2 );margin-right: calc(-0px \/ 2 );\"><div class=\"fusion-layout-column fusion_builder_column fusion-builder-column-0 fusion_builder_column_1_1 1_1 fusion-flex-column\"><div class=\"fusion-column-wrapper fusion-flex-justify-content-flex-start fusion-content-layout-column\" style=\"background-position:left top;background-repeat:no-repeat;-webkit-background-size:cover;-moz-background-size:cover;-o-background-size:cover;background-size:cover;padding: 0px 0px 0px 0px;\"><div class=\"fusion-separator fusion-full-width-sep\" style=\"align-self: center;margin-left: auto;margin-right: auto;margin-top:20px;margin-bottom:20px;width:100%;\"><\/div><\/div><\/div><style type=\"text\/css\">.fusion-body .fusion-builder-column-0{width:100% !important;margin-top : 0px;margin-bottom : 0px;}.fusion-builder-column-0 > .fusion-column-wrapper {padding-top : 0px !important;padding-right : 0px !important;margin-right : 0px;padding-bottom : 0px !important;padding-left : 0px !important;margin-left : 0px;}@media only screen and (max-width:1024px) {.fusion-body .fusion-builder-column-0{width:100% !important;}.fusion-builder-column-0 > .fusion-column-wrapper {margin-right : 0px;margin-left : 0px;}}@media only screen and (max-width:640px) {.fusion-body .fusion-builder-column-0{width:100% !important;}.fusion-builder-column-0 > .fusion-column-wrapper {margin-right : 0px;margin-left : 0px;}}<\/style><\/div><style type=\"text\/css\">.fusion-body .fusion-flex-container.fusion-builder-row-1{ padding-top : 0px;margin-top : 0px;padding-right : 0px;padding-bottom : 0px;margin-bottom : 0px;padding-left : 0px;}<\/style><\/div><div class=\"fusion-fullwidth fullwidth-box fusion-builder-row-2 fusion-flex-container nonhundred-percent-fullwidth non-hundred-percent-height-scrolling\" style=\"background-color: rgba(255,255,255,0);background-position: center center;background-repeat: no-repeat;border-width: 0px 0px 0px 0px;border-color:#eae9e9;border-style:solid;\" ><div class=\"fusion-builder-row fusion-row fusion-flex-align-items-flex-start\" style=\"max-width:calc( 1170px + 0px );margin-left: calc(-0px \/ 2 );margin-right: calc(-0px \/ 2 );\"><div class=\"fusion-layout-column fusion_builder_column fusion-builder-column-1 fusion_builder_column_1_1 1_1 fusion-flex-column\"><div class=\"fusion-column-wrapper fusion-flex-justify-content-flex-start fusion-content-layout-column\" style=\"background-position:left top;background-repeat:no-repeat;-webkit-background-size:cover;-moz-background-size:cover;-o-background-size:cover;background-size:cover;padding: 0px 0px 0px 0px;\"><div class=\"fusion-text fusion-text-1\" style=\"transform:translate3d(0,0,0);\"><h2><span style=\"color: #808080;\">Datos espectadores<\/span><\/h2>\n<p><span style=\"font-family: Verdana; font-size: small;\">Durante estos\u00a0veintitr\u00e9s a\u00f1os se ha m\u00e1s que triplicado el n\u00famero de espectadores habiendo una media de <strong><span style=\"color: #ff0000;\">27.792<\/span><\/strong><\/span><span style=\"color: #ff0000;\"><b>\u00a0<\/b><\/span><span style=\"font-family: Verdana; font-size: small;\">en cada edici\u00f3n.<br \/>\n<\/span><\/p>\n<div align=\"center\">\n<div align=\"center\">\n<table id=\"table17\" border=\"0\" width=\"75%\" cellpadding=\"2\">\n<tbody>\n<tr>\n<td align=\"middle\" bgcolor=\"#333333\" width=\"50%\"><b><span style=\"color: #ffffff; font-family: Verdana; font-size: xx-small;\">FERIA<\/span><\/b><\/td>\n<td align=\"middle\" bgcolor=\"#333333\" width=\"50%\"><b><span style=\"color: #ffffff; font-family: Verdana; font-size: xx-small;\">ESPECTADORES<\/span><\/b><\/td>\n<\/tr>\n<tr>\n<td align=\"middle\" width=\"50%\"><span style=\"color: #424242; font-family: Verdana; font-size: xx-small;\">1\u00aa Feria<\/span><\/td>\n<td align=\"middle\" width=\"50%\"><span style=\"color: #424242; font-family: Verdana; font-size: xx-small;\">9.900<\/span><\/td>\n<\/tr>\n<tr>\n<td align=\"middle\" bgcolor=\"#C0C0C0\" width=\"50%\"><span style=\"color: #424242; font-family: Verdana; font-size: xx-small;\">2\u00aa Feria<\/span><\/td>\n<td align=\"middle\" bgcolor=\"#C0C0C0\" width=\"50%\"><span style=\"color: #424242; font-family: Verdana; font-size: xx-small;\">16.800<\/span><\/td>\n<\/tr>\n<tr>\n<td align=\"middle\" width=\"50%\"><span style=\"color: #424242; font-family: Verdana; font-size: xx-small;\">3\u00aa Feria<\/span><\/td>\n<td align=\"middle\" width=\"50%\"><span style=\"color: #424242; font-family: Verdana; font-size: xx-small;\">21.000<\/span><\/td>\n<\/tr>\n<tr>\n<td align=\"middle\" bgcolor=\"#C0C0C0\" width=\"50%\"><span style=\"color: #424242; font-family: Verdana; font-size: xx-small;\">4\u00aa Feria<\/span><\/td>\n<td align=\"middle\" bgcolor=\"#C0C0C0\" width=\"50%\"><span style=\"color: #424242; font-family: Verdana; font-size: xx-small;\">21.800<\/span><\/td>\n<\/tr>\n<tr>\n<td align=\"middle\" width=\"50%\"><span style=\"color: #424242; font-family: Verdana; font-size: xx-small;\">5\u00aa Feria<\/span><\/td>\n<td align=\"middle\" width=\"50%\"><span style=\"color: #424242; font-family: Verdana; font-size: xx-small;\">22.000<\/span><\/td>\n<\/tr>\n<tr>\n<td align=\"middle\" bgcolor=\"#C0C0C0\" width=\"50%\"><span style=\"color: #424242; font-family: Verdana; font-size: xx-small;\">6\u00aa Feria<\/span><\/td>\n<td align=\"middle\" bgcolor=\"#C0C0C0\" width=\"50%\"><span style=\"color: #424242; font-family: Verdana; font-size: xx-small;\">23.100<\/span><\/td>\n<\/tr>\n<tr>\n<td align=\"middle\" width=\"50%\"><span style=\"color: #424242; font-family: Verdana; font-size: xx-small;\">7\u00aa Feria<\/span><\/td>\n<td align=\"middle\" width=\"50%\"><span style=\"color: #424242; font-family: Verdana; font-size: xx-small;\">30.740<\/span><\/td>\n<\/tr>\n<tr>\n<td align=\"middle\" bgcolor=\"#C0C0C0\" width=\"50%\"><span style=\"color: #424242; font-family: Verdana; font-size: xx-small;\">8\u00aa Feria<\/span><\/td>\n<td align=\"middle\" bgcolor=\"#C0C0C0\" width=\"50%\"><span style=\"color: #424242; font-family: Verdana; font-size: xx-small;\">32.450<\/span><\/td>\n<\/tr>\n<tr>\n<td align=\"middle\" width=\"50%\"><span style=\"color: #424242; font-family: Verdana; font-size: xx-small;\">9\u00aa Feria<\/span><\/td>\n<td align=\"middle\" width=\"50%\"><span style=\"color: #424242; font-family: Verdana; font-size: xx-small;\">33.840<\/span><\/td>\n<\/tr>\n<tr>\n<td align=\"middle\" bgcolor=\"#C0C0C0\" width=\"50%\"><span style=\"color: #424242; font-family: Verdana; font-size: xx-small;\">10\u00aa Feria<\/span><\/td>\n<td align=\"middle\" bgcolor=\"#C0C0C0\" width=\"50%\"><span style=\"color: #424242; font-family: Verdana; font-size: xx-small;\">30.800*<\/span><\/td>\n<\/tr>\n<tr>\n<td align=\"middle\" width=\"50%\"><span style=\"color: #424242; font-family: Verdana; font-size: xx-small;\">11\u00aa Feria<\/span><\/td>\n<td align=\"middle\" width=\"50%\"><span style=\"color: #424242; font-family: Verdana; font-size: xx-small;\">31.400<\/span><\/td>\n<\/tr>\n<tr>\n<td align=\"middle\" bgcolor=\"#C0C0C0\" width=\"50%\"><span style=\"color: #424242; font-family: Verdana; font-size: xx-small;\">12\u00aa Feria<\/span><\/td>\n<td align=\"middle\" bgcolor=\"#C0C0C0\" width=\"50%\"><span style=\"color: #424242; font-family: Verdana; font-size: xx-small;\">30.000<\/span><\/td>\n<\/tr>\n<tr>\n<td align=\"middle\" width=\"50%\"><span style=\"color: #424242; font-family: Verdana; font-size: xx-small;\">13\u00aa Feria<\/span><\/td>\n<td align=\"middle\" width=\"50%\"><span style=\"color: #424242; font-family: Verdana; font-size: xx-small;\">30.000<\/span><\/td>\n<\/tr>\n<tr>\n<td align=\"middle\" bgcolor=\"#C0C0C0\" width=\"50%\"><span style=\"color: #424242; font-family: Verdana; font-size: xx-small;\">14\u00aa Feria<\/span><\/td>\n<td align=\"middle\" bgcolor=\"#C0C0C0\" width=\"50%\"><span style=\"color: #424242; font-family: Verdana; font-size: xx-small;\">30.000<\/span><\/td>\n<\/tr>\n<tr>\n<td align=\"middle\" width=\"50%\"><span style=\"color: #424242; font-family: Verdana; font-size: xx-small;\">15\u00aa Feria<\/span><\/td>\n<td align=\"middle\" width=\"50%\"><span style=\"color: #424242; font-family: Verdana; font-size: xx-small;\">33.000<\/span><\/td>\n<\/tr>\n<tr>\n<td align=\"middle\" bgcolor=\"#C0C0C0\" width=\"50%\"><span style=\"color: #424242; font-family: Verdana; font-size: xx-small;\">16\u00aa Feria<\/span><\/td>\n<td align=\"middle\" bgcolor=\"#C0C0C0\" width=\"50%\"><span style=\"color: #424242; font-family: Verdana; font-size: xx-small;\">33.000<\/span><\/td>\n<\/tr>\n<tr>\n<td align=\"middle\" width=\"50%\"><span style=\"color: #424242; font-family: Verdana; font-size: xx-small;\">17\u00aa Feria<\/span><\/td>\n<td align=\"middle\" width=\"50%\"><span style=\"color: #424242; font-family: Verdana; font-size: xx-small;\">34.500<\/span><\/td>\n<\/tr>\n<tr>\n<td align=\"middle\" bgcolor=\"#C0C0C0\" width=\"50%\"><span style=\"color: #424242; font-family: Verdana; font-size: xx-small;\">18\u00aa Feria<\/span><\/td>\n<td align=\"middle\" bgcolor=\"#C0C0C0\" width=\"50%\"><span style=\"color: #424242; font-family: Verdana; font-size: xx-small;\">35.000<\/span><\/td>\n<\/tr>\n<tr>\n<td align=\"middle\" width=\"50%\"><span style=\"color: #424242; font-family: Verdana; font-size: xx-small;\">19\u00aa Feria<\/span><\/td>\n<td align=\"middle\" width=\"50%\"><span style=\"color: #424242; font-family: Verdana; font-size: xx-small;\">33.000<\/span><\/td>\n<\/tr>\n<tr>\n<td align=\"middle\" bgcolor=\"#C0C0C0\" width=\"50%\"><span style=\"color: #424242; font-family: Verdana; font-size: xx-small;\">20\u00aa Feria<\/span><\/td>\n<td align=\"middle\" bgcolor=\"#C0C0C0\" width=\"50%\"><span style=\"color: #424242; font-family: Verdana; font-size: xx-small;\">34.000<\/span><\/td>\n<\/tr>\n<tr>\n<td align=\"middle\" bgcolor=\"#ffffff\" width=\"50%\"><span style=\"color: #424242; font-family: Verdana; font-size: xx-small;\">21\u00aa Feria<\/span><\/td>\n<td align=\"middle\" bgcolor=\"#ffffff\" width=\"50%\"><span style=\"color: #424242; font-family: Verdana; font-size: xx-small;\">35.000<\/span><\/td>\n<\/tr>\n<tr>\n<td align=\"middle\" bgcolor=\"#C0C0C0\" width=\"50%\"><span style=\"color: #424242; font-family: Verdana; font-size: xx-small;\">22\u00aa Feria<\/span><\/td>\n<td align=\"middle\" bgcolor=\"#C0C0C0\" width=\"50%\"><span style=\"color: #424242; font-family: Verdana; font-size: xx-small;\">35.000<\/span><\/td>\n<\/tr>\n<tr>\n<td style=\"text-align: center;\"><span style=\"color: #424242; font-family: Verdana; font-size: xx-small;\">23\u00aa Feria***<\/span><\/td>\n<td style=\"text-align: center;\"><span style=\"color: #424242; font-family: Verdana; font-size: xx-small;\">5.900<\/span><\/td>\n<\/tr>\n<tr>\n<td align=\"middle\" bgcolor=\"#E91027\" width=\"50%\"><b><span style=\"color: #ffffff; font-family: Verdana; font-size: xx-small;\">TOTAL<\/span><\/b><\/td>\n<td align=\"middle\" bgcolor=\"#E91027\" width=\"50%\"><b><span style=\"color: #ffffff; font-family: Verdana; font-size: xx-small;\">639.230<\/span><\/b><\/td>\n<\/tr>\n<\/tbody>\n<\/table>\n<p style=\"text-align: justify;\">*** Esta edici\u00f3n especial debido a la pandemia del COVID-19 estuvo marcada por las grades restricciones de aforo, una de ellas la eliminaci\u00f3n de la programaci\u00f3n de todos los espect\u00e1culos de calle e itinerantes. Todos los espect\u00e1culos fueron en espacios cerrados, y con m\u00e1ximo del 30% de los aforos, no llegando nunca a tener m\u00e1s de 250 butacas \/sillas. De ah\u00ed esta reducci\u00f3n dr\u00e1stica del n\u00famero de espectadores\/as.<\/p>\n<\/div>\n<\/div>\n<\/div><\/div><\/div><style type=\"text\/css\">.fusion-body .fusion-builder-column-1{width:100% !important;margin-top : 0px;margin-bottom : 0px;}.fusion-builder-column-1 > .fusion-column-wrapper {padding-top : 0px !important;padding-right : 0px !important;margin-right : 0px;padding-bottom : 0px !important;padding-left : 0px !important;margin-left : 0px;}@media only screen and (max-width:1024px) {.fusion-body .fusion-builder-column-1{width:100% !important;}.fusion-builder-column-1 > .fusion-column-wrapper {margin-right : 0px;margin-left : 0px;}}@media only screen and (max-width:640px) {.fusion-body .fusion-builder-column-1{width:100% !important;}.fusion-builder-column-1 > .fusion-column-wrapper {margin-right : 0px;margin-left : 0px;}}<\/style><\/div><style type=\"text\/css\">.fusion-body .fusion-flex-container.fusion-builder-row-2{ padding-top : 0px;margin-top : 0px;padding-right : 0px;padding-bottom : 0px;margin-bottom : 0px;padding-left : 0px;}<\/style><\/div><\/p>\n","protected":false},"excerpt":{"rendered":"","protected":false},"author":1,"featured_media":0,"parent":0,"menu_order":0,"comment_status":"closed","ping_status":"closed","template":"","meta":[],"_links":{"self":[{"href":"https:\/\/www.feriadeteatro.com\/feria2021\/wp-json\/wp\/v2\/pages\/57"}],"collection":[{"href":"https:\/\/www.feriadeteatro.com\/feria2021\/wp-json\/wp\/v2\/pages"}],"about":[{"href":"https:\/\/www.feriadeteatro.com\/feria2021\/wp-json\/wp\/v2\/types\/page"}],"author":[{"embeddable":true,"href":"https:\/\/www.feriadeteatro.com\/feria2021\/wp-json\/wp\/v2\/users\/1"}],"replies":[{"embeddable":true,"href":"https:\/\/www.feriadeteatro.com\/feria2021\/wp-json\/wp\/v2\/comments?post=57"}],"version-history":[{"count":0,"href":"https:\/\/www.feriadeteatro.com\/feria2021\/wp-json\/wp\/v2\/pages\/57\/revisions"}],"wp:attachment":[{"href":"https:\/\/www.feriadeteatro.com\/feria2021\/wp-json\/wp\/v2\/media?parent=57"}],"curies":[{"name":"wp","href":"https:\/\/api.w.org\/{rel}","templated":true}]}}