{"id":81,"date":"2017-08-04T10:01:40","date_gmt":"2017-08-04T10:01:40","guid":{"rendered":"http:\/\/feriadeteatro.es\/webmovil\/?page_id=81"},"modified":"2021-08-18T10:49:58","modified_gmt":"2021-08-18T10:49:58","slug":"ciudad-rodrigo-establecimientos-recomendados","status":"publish","type":"page","link":"https:\/\/www.feriadeteatro.com\/feria2021\/ciudad-rodrigo-establecimientos-recomendados\/","title":{"rendered":"Ciudad Rodrigo: Establecimientos recomendados"},"content":{"rendered":"<p><div class=\"fusion-fullwidth fullwidth-box fusion-builder-row-1 fusion-flex-container nonhundred-percent-fullwidth non-hundred-percent-height-scrolling\" style=\"background-color: rgba(255,255,255,0);background-position: center center;background-repeat: no-repeat;border-width: 0px 0px 0px 0px;border-color:#eae9e9;border-style:solid;\" ><div class=\"fusion-builder-row fusion-row fusion-flex-align-items-flex-start\" style=\"max-width:1216.8px;margin-left: calc(-4% \/ 2 );margin-right: calc(-4% \/ 2 );\"><div class=\"fusion-layout-column fusion_builder_column fusion-builder-column-0 fusion_builder_column_1_1 1_1 fusion-flex-column\"><div class=\"fusion-column-wrapper fusion-flex-justify-content-flex-start fusion-content-layout-column\" style=\"background-position:left top;background-repeat:no-repeat;-webkit-background-size:cover;-moz-background-size:cover;-o-background-size:cover;background-size:cover;padding: 0px 0px 0px 0px;\"><div class=\"fusion-separator fusion-full-width-sep\" style=\"align-self: center;margin-left: auto;margin-right: auto;margin-top:20px;margin-bottom:20px;width:100%;\"><\/div><\/div><\/div><style type=\"text\/css\">.fusion-body .fusion-builder-column-0{width:100% !important;margin-top : 0px;margin-bottom : 0px;}.fusion-builder-column-0 > .fusion-column-wrapper {padding-top : 0px !important;padding-right : 0px !important;margin-right : 1.92%;padding-bottom : 0px !important;padding-left : 0px !important;margin-left : 1.92%;}@media only screen and (max-width:1024px) {.fusion-body .fusion-builder-column-0{width:100% !important;}.fusion-builder-column-0 > .fusion-column-wrapper {margin-right : 1.92%;margin-left : 1.92%;}}@media only screen and (max-width:640px) {.fusion-body .fusion-builder-column-0{width:100% !important;}.fusion-builder-column-0 > .fusion-column-wrapper {margin-right : 1.92%;margin-left : 1.92%;}}<\/style><\/div><style type=\"text\/css\">.fusion-body .fusion-flex-container.fusion-builder-row-1{ padding-top : 0px;margin-top : 0px;padding-right : 0px;padding-bottom : 0px;margin-bottom : 0px;padding-left : 0px;}<\/style><\/div><div class=\"fusion-fullwidth fullwidth-box fusion-builder-row-2 fusion-flex-container nonhundred-percent-fullwidth non-hundred-percent-height-scrolling\" style=\"background-color: rgba(255,255,255,0);background-position: center center;background-repeat: no-repeat;border-width: 0px 0px 0px 0px;border-color:#eae9e9;border-style:solid;\" ><div class=\"fusion-builder-row fusion-row fusion-flex-align-items-flex-start\" style=\"max-width:1216.8px;margin-left: calc(-4% \/ 2 );margin-right: calc(-4% \/ 2 );\"><div class=\"fusion-layout-column fusion_builder_column fusion-builder-column-1 fusion_builder_column_1_1 1_1 fusion-flex-column\"><div class=\"fusion-column-wrapper fusion-flex-justify-content-flex-start fusion-content-layout-column\" style=\"background-position:left top;background-repeat:no-repeat;-webkit-background-size:cover;-moz-background-size:cover;-o-background-size:cover;background-size:cover;padding: 0px 0px 0px 0px;\"><div class=\"fusion-text fusion-text-1\" style=\"transform:translate3d(0,0,0);\"><h2 style=\"text-align: center;\"><span style=\"color: #808080;\">Establecimientos recomendados<\/span><\/h2>\n<\/div><\/div><\/div><style type=\"text\/css\">.fusion-body .fusion-builder-column-1{width:100% !important;margin-top : 0px;margin-bottom : 0px;}.fusion-builder-column-1 > .fusion-column-wrapper {padding-top : 0px !important;padding-right : 0px !important;margin-right : 1.92%;padding-bottom : 0px !important;padding-left : 0px !important;margin-left : 1.92%;}@media only screen and (max-width:1024px) {.fusion-body .fusion-builder-column-1{width:100% !important;}.fusion-builder-column-1 > .fusion-column-wrapper {margin-right : 1.92%;margin-left : 1.92%;}}@media only screen and (max-width:640px) {.fusion-body .fusion-builder-column-1{width:100% !important;}.fusion-builder-column-1 > .fusion-column-wrapper {margin-right : 1.92%;margin-left : 1.92%;}}<\/style><div class=\"fusion-layout-column fusion_builder_column fusion-builder-column-2 fusion_builder_column_1_2 1_2 fusion-flex-column\"><div class=\"fusion-column-wrapper fusion-flex-justify-content-flex-start fusion-content-layout-column\" style=\"background-position:left top;background-repeat:no-repeat;-webkit-background-size:cover;-moz-background-size:cover;-o-background-size:cover;background-size:cover;padding: 0px 0px 0px 0px;\"><div class=\"fusion-text fusion-text-2\" style=\"transform:translate3d(0,0,0);\"><h4><strong>D\u00d3NDE TOMAR ALGO<\/strong><\/h4>\n<hr \/>\n<p><strong>Bar \u00c1ngel<\/strong><br \/>\nPlaza Mayor<\/p>\n<p><strong>Bar La Plazuela<\/strong><br \/>\nPlaza del Buen Alcalde, 9<\/p>\n<p><strong>Bar Rebollar<br \/>\n<\/strong>Calle Sepulcro<\/p>\n<p><strong>Bar-Restaurante El Sanatorio<\/strong><br \/>\nPlaza Mayor<\/p>\n<p><strong>Caf\u00e9-Bar D&#8217;Mor\u00e1n<\/strong><br \/>\nPlaza Mayor<\/p>\n<p><strong>Caf\u00e9 Bar El Rinc\u00f3n<\/strong><br \/>\nCalle de Juli\u00e1n S\u00e1nchez, 6<\/p>\n<p><strong>Cafeter\u00eda Arcos<\/strong><br \/>\nPlaza Mayor<\/p>\n<p><strong>Cafeter\u00eda Bar La Aldaba<\/strong><br \/>\nCalle Lorenza Iglesias<\/p>\n<p><strong>Cafeter\u00eda La Glorieta<\/strong><br \/>\nCalle Laguna, 17<\/p>\n<p><strong>Helader\u00eda Menta y Lim\u00f3n<\/strong><br \/>\nPlaza Mayor, 14<\/p>\n<p><strong>Karaoke Code Bar<\/strong><br \/>\nPlaza del Buen Alcalde<\/p>\n<p><strong>O.C. Otro Cuento &#8211; Bar&amp;Copas<\/strong><br \/>\nR\u00faa del Sol<\/p>\n<p>&nbsp;<\/p>\n<\/div><\/div><\/div><style type=\"text\/css\">.fusion-body .fusion-builder-column-2{width:50% !important;margin-top : 0px;margin-bottom : 0px;}.fusion-builder-column-2 > .fusion-column-wrapper {padding-top : 0px !important;padding-right : 0px !important;margin-right : 3.84%;padding-bottom : 0px !important;padding-left : 0px !important;margin-left : 3.84%;}@media only screen and (max-width:1024px) {.fusion-body .fusion-builder-column-2{width:50% !important;}.fusion-builder-column-2 > .fusion-column-wrapper {margin-right : 3.84%;margin-left : 3.84%;}}@media only screen and (max-width:640px) {.fusion-body .fusion-builder-column-2{width:100% !important;}.fusion-builder-column-2 > .fusion-column-wrapper {margin-right : 1.92%;margin-left : 1.92%;}}<\/style><div class=\"fusion-layout-column fusion_builder_column fusion-builder-column-3 fusion_builder_column_1_2 1_2 fusion-flex-column\"><div class=\"fusion-column-wrapper fusion-flex-justify-content-flex-start fusion-content-layout-column\" style=\"background-position:left top;background-repeat:no-repeat;-webkit-background-size:cover;-moz-background-size:cover;-o-background-size:cover;background-size:cover;padding: 0px 0px 0px 0px;\"><div class=\"fusion-text fusion-text-3\" style=\"transform:translate3d(0,0,0);\"><h4><strong>D\u00d3NDE DORMIR<\/strong><\/h4>\n<hr \/>\n<p>Hospeder\u00eda PUERTA DE LA CATEDRAL<\/p>\n<p><a href=\"https:\/\/www.hostalesenciudadrodrigo.com\/\" target=\"_blank\" rel=\"noopener noreferrer\">Hostal PUERTA DEL SOL<\/a><\/p>\n<p><a href=\"https:\/\/parqueflorida.com\/\" target=\"_blank\" rel=\"noopener\">Hostal PARQUE FLORIDA<\/a><\/p>\n<p><a href=\"http:\/\/www.hostalyoanna.es\/\" target=\"_blank\" rel=\"noopener noreferrer\">Hostal Yoanna<\/a><\/p>\n<p><a href=\"http:\/\/www.hotel-arcos.com\/\" target=\"_blank\" rel=\"noopener noreferrer\">Hotel ARCOS<\/a><\/p>\n<p><a href=\"https:\/\/www.hotelconderodrigo.com\/\" target=\"_blank\" rel=\"noopener noreferrer\">Hotel CONDE RODRIGO I<\/a><\/p>\n<p><a href=\"https:\/\/conderodrigo.com\/\" target=\"_blank\" rel=\"noopener noreferrer\">Hotel CONDE RODRIGO 2<\/a><\/p>\n<p><a href=\"http:\/\/www.hotellabodega.com\/\" target=\"_blank\" rel=\"noopener noreferrer\">Hotel LA BODEGA<\/a><\/p>\n<p><a href=\"http:\/\/www.puertaciudadrodrigo.com\/\" target=\"_blank\" rel=\"noopener\">Hotel PUERTA DE CIUDAD RODRIGO<\/a><\/p>\n<p><a href=\"https:\/\/www.palacioantiguaaudiencia.com\/\" target=\"_blank\" rel=\"noopener\">PALACIO ANTIGUA AUDIENCIA<\/a><\/p>\n<\/div><\/div><\/div><style type=\"text\/css\">.fusion-body .fusion-builder-column-3{width:50% !important;margin-top : 0px;margin-bottom : 0px;}.fusion-builder-column-3 > .fusion-column-wrapper {padding-top : 0px !important;padding-right : 0px !important;margin-right : 3.84%;padding-bottom : 0px !important;padding-left : 0px !important;margin-left : 3.84%;}@media only screen and (max-width:1024px) {.fusion-body .fusion-builder-column-3{width:50% !important;}.fusion-builder-column-3 > .fusion-column-wrapper {margin-right : 3.84%;margin-left : 3.84%;}}@media only screen and (max-width:640px) {.fusion-body .fusion-builder-column-3{width:100% !important;}.fusion-builder-column-3 > .fusion-column-wrapper {margin-right : 1.92%;margin-left : 1.92%;}}<\/style><div class=\"fusion-layout-column fusion_builder_column fusion-builder-column-4 fusion_builder_column_1_2 1_2 fusion-flex-column\"><div class=\"fusion-column-wrapper fusion-flex-justify-content-flex-start fusion-content-layout-column\" style=\"background-position:left top;background-repeat:no-repeat;-webkit-background-size:cover;-moz-background-size:cover;-o-background-size:cover;background-size:cover;padding: 0px 0px 0px 0px;\"><div class=\"fusion-text fusion-text-4\" style=\"transform:translate3d(0,0,0);\"><h4><strong>D\u00d3NDE COMPRAR<\/strong><\/h4>\n<hr \/>\n<p><a href=\"http:\/\/www.miroliva.com\/\" target=\"_blank\" rel=\"noopener noreferrer\">ACEITUNAS MIROLIVA SL<\/a><\/p>\n<p>AUTO TAXI LORENZO MONTERO<\/p>\n<p><a href=\"http:\/\/www.autocaresviagon.com\/\" target=\"_blank\" rel=\"noopener noreferrer\">AUTOCARES VIAG\u00d3N<\/a><\/p>\n<p><a href=\"http:\/\/www.calzadosmontero.com\/\" target=\"_blank\" rel=\"noopener noreferrer\">CALZADOS MONTERO<\/a><\/p>\n<p><a href=\"http:\/\/www.centroecuestrecasasola.com\/\" target=\"_blank\" rel=\"noopener noreferrer\">CENTRO ECUESTRE CASASOLA<\/a><\/p>\n<p><a href=\"http:\/\/www.obispotellez.com\/\" target=\"_blank\" rel=\"noopener noreferrer\">COFRANDES SL<\/a><\/p>\n<p>COMERCIAL ROMUALDO<\/p>\n<p><a href=\"http:\/\/www.confeccioneszamorano.es\/\" target=\"_blank\" rel=\"noopener noreferrer\">CONFECCIONES ZAMORANO<\/a><\/p>\n<p><a href=\"http:\/\/contracorrienteproducciones.es\/\" target=\"_blank\" rel=\"noopener noreferrer\">CONTRACORRIENTE PRODUCCIONES<\/a><\/p>\n<p><a href=\"http:\/\/www.copeciudadrodrigo.com\/\" target=\"_blank\" rel=\"noopener noreferrer\">COPE CIUDAD RODRIGO<\/a><\/p>\n<p><a href=\"http:\/\/www.creativossl.com\/\" target=\"_blank\" rel=\"noopener noreferrer\">CREATIVOS DISE\u00d1O GR\u00c1FICO<\/a><\/p>\n<p>CRISTALER\u00cdA GONZ\u00c1LEZ<\/p>\n<p>DISTRIBUCI\u00d3N ANDR\u00c9S JORGE MART\u00cdN<\/p>\n<p>DISTRIBUCIONES MART\u00cdN ACERA<\/p>\n<p><a href=\"http:\/\/www.dtinformatica.com\/\" target=\"_blank\" rel=\"noopener noreferrer\">DT INFORM\u00c1TICA &amp; MULTIMEDIA<\/a><\/p>\n<p>ELECTRICIDAD CASADO<\/p>\n<p>ELVIRA CASADO. ARTESANA<\/p>\n<p>ESTACIONES DE SERVICIO CRIADO<\/p>\n<p><a href=\"http:\/\/www.ferreteriaciudadrodrigo.com\/es\/\" target=\"_blank\" rel=\"noopener noreferrer\">FERRETER\u00cdA SERTORIO<\/a><\/p>\n<p><a href=\"http:\/\/fotovicente.com\/\" target=\"_blank\" rel=\"noopener noreferrer\">ISA&amp;JOSE VICENTE FOT\u00d3GRAFOS<\/a><\/p>\n<p><a href=\"http:\/\/www.frisan.com\/index2.html\" target=\"_blank\" rel=\"noopener noreferrer\">FRIS\u00c1N FR\u00cdO INDUSTRIAL<\/a><\/p>\n<p>GESTOR\u00cdA DOM\u00cdNGUEZ<\/p>\n<p>GONZ\u00c1LEZ Y GONZ\u00c1LEZ SL DISTRIBUIDOR FRIGO CIUDAD RODRIGO<\/p>\n<p><a href=\"http:\/\/www.graficassantacruz.com\/\" target=\"_blank\" rel=\"noopener noreferrer\">GR\u00c1FICAS SANTA CRUZ<\/a><\/p>\n<p><a href=\"http:\/\/www.lletra.es\/\" target=\"_blank\" rel=\"noopener noreferrer\">IMPRENTA LLETRA<\/a><\/p>\n<p><a href=\"http:\/\/www.inspania.es\/\" target=\"_blank\" rel=\"noopener noreferrer\">INSPANIA FONTANER\u00cdA Y CALEFACCI\u00d3N<\/a><\/p>\n<p><a href=\"http:\/\/www.joyeriavasconcellos.com\/\" target=\"_blank\" rel=\"noopener noreferrer\">JOYER\u00cdA VASCONELLOS<\/a><\/p>\n<p>LIBRER\u00cdA NOVA EXPRESS<\/p>\n<p>LUNA ROJA<\/p>\n<p>MART\u00cdN RISUE\u00d1O GENERALI SEGUROS<\/p>\n<p>MIR\u00d3BRIGA TEXTIL<\/p>\n<p><a href=\"http:\/\/mueblesintermobil.es\/\" target=\"_blank\" rel=\"noopener noreferrer\">MUEBLES LOMA<\/a><\/p>\n<p><a href=\"http:\/\/musicalsanchezmarcos.net\/\" target=\"_blank\" rel=\"noopener noreferrer\">MUSICAL S\u00c1NCHEZ MARCOS<\/a><\/p>\n<p><a href=\"http:\/\/spmundi.es\/\" target=\"_blank\" rel=\"noopener noreferrer\">ONDA CERO &#8211; SERVICIOS PUBLICITARIOS MUNDI<\/a><\/p>\n<p>PELUQUER\u00cdA ESALZA<\/p>\n<p>QUATTRO MODA<\/p>\n<p>REFORMAS CRIADO<\/p>\n<p>SOLYGES CORREDUR\u00cdA DE SEGUROS<\/p>\n<p><a href=\"https:\/\/www.phonehouse.es\/\" target=\"_blank\" rel=\"noopener noreferrer\">THE PHONE HOUSE<\/a><\/p>\n<p><a href=\"https:\/\/turismoactiva.com\/\" target=\"_blank\" rel=\"noopener noreferrer\">TURISMO ACTIVA<\/a><\/p>\n<p><a href=\"http:\/\/www.viajesecuador.com\/viajes_mp\/appMultiproducto\/jsp\/error404.jsp&amp;login=NEWECUADOR\" target=\"_blank\" rel=\"noopener noreferrer\">VIAJES ECUADOR<\/a><\/p>\n<\/div><\/div><\/div><style type=\"text\/css\">.fusion-body .fusion-builder-column-4{width:50% !important;margin-top : 0px;margin-bottom : 0px;}.fusion-builder-column-4 > .fusion-column-wrapper {padding-top : 0px !important;padding-right : 0px !important;margin-right : 3.84%;padding-bottom : 0px !important;padding-left : 0px !important;margin-left : 3.84%;}@media only screen and (max-width:1024px) {.fusion-body .fusion-builder-column-4{width:50% !important;}.fusion-builder-column-4 > .fusion-column-wrapper {margin-right : 3.84%;margin-left : 3.84%;}}@media only screen and (max-width:640px) {.fusion-body .fusion-builder-column-4{width:100% !important;}.fusion-builder-column-4 > .fusion-column-wrapper {margin-right : 1.92%;margin-left : 1.92%;}}<\/style><div class=\"fusion-layout-column fusion_builder_column fusion-builder-column-5 fusion_builder_column_1_2 1_2 fusion-flex-column\"><div class=\"fusion-column-wrapper fusion-flex-justify-content-flex-start fusion-content-layout-column\" style=\"background-position:left top;background-repeat:no-repeat;-webkit-background-size:cover;-moz-background-size:cover;-o-background-size:cover;background-size:cover;padding: 0px 0px 0px 0px;\"><div class=\"fusion-text fusion-text-5\" style=\"transform:translate3d(0,0,0);\"><h4><strong>D\u00d3NDE COMER<\/strong><\/h4>\n<hr \/>\n<p>Mes\u00f3n LA ARTESA<br \/>\nR\u00faa del Sol, 1<\/p>\n<p>Mes\u00f3n LA PALOMA<br \/>\nPaloma, 3<\/p>\n<p>Pizzer\u00eda Demar\u00eda<br \/>\nWetones, 20<\/p>\n<p>Pizzer\u00eda TUSSILAGO<br \/>\nJuli\u00e1n S\u00e1nchez, 7<\/p>\n<p>Pulper\u00eda DE EVARISTO<br \/>\nCorreo Viejo, 7<\/p>\n<p><a href=\"http:\/\/www.hotelesciudadrodrigo.com\/\" target=\"_blank\" rel=\"noopener noreferrer\">Restaurante CONDE RODRIGO I<\/a><br \/>\nPlaza de San Salvador, 9<\/p>\n<p><a href=\"https:\/\/conderodrigo.com\/\" target=\"_blank\" rel=\"noopener noreferrer\">Restaurante CONDE RODRIGO II<\/a><br \/>\nHuerta Las Vi\u00f1as, s\/n<\/p>\n<p><a href=\"http:\/\/www.restaurante-estoril.com\/\" target=\"_blank\" rel=\"noopener noreferrer\">Restaurante ESTORIL<\/a><br \/>\nGeneral Pando, 11<\/p>\n<p><a href=\"http:\/\/www.hotellabodega.com\/restaurante.html\" target=\"_blank\" rel=\"noopener noreferrer\">Restaurante LA BODEGA<\/a><br \/>\nAvda. Portugal, 11<\/p>\n<p>Restaurante-Bar LA FLORIDA<br \/>\nAvda. Espa\u00f1a<\/p>\n<p><a href=\"https:\/\/mesonlasidreria.com\/\" target=\"_blank\" rel=\"noopener\">Restaurante LA SIDRER\u00cdA<\/a><br \/>\n<span class=\"GRkHZd w8qArf\">\u00a0<\/span><span class=\"LrzXr\">C\/ San Marcial, 24<\/span><\/p>\n<p>Restaurante TAMBORINO 2<br \/>\nGeneral Pando<\/p>\n<p>Restaurante Yoanna<br \/>\nWetones, 20<\/p>\n<p>Restaurante ZASCANDIL<br \/>\nCalle Correo Viejo, s\/n<\/p>\n<\/div><\/div><\/div><style type=\"text\/css\">.fusion-body .fusion-builder-column-5{width:50% !important;margin-top : 0px;margin-bottom : 0px;}.fusion-builder-column-5 > .fusion-column-wrapper {padding-top : 0px !important;padding-right : 0px !important;margin-right : 3.84%;padding-bottom : 0px !important;padding-left : 0px !important;margin-left : 3.84%;}@media only screen and (max-width:1024px) {.fusion-body .fusion-builder-column-5{width:50% !important;}.fusion-builder-column-5 > .fusion-column-wrapper {margin-right : 3.84%;margin-left : 3.84%;}}@media only screen and (max-width:640px) {.fusion-body .fusion-builder-column-5{width:100% !important;}.fusion-builder-column-5 > .fusion-column-wrapper {margin-right : 1.92%;margin-left : 1.92%;}}<\/style><\/div><style type=\"text\/css\">.fusion-body .fusion-flex-container.fusion-builder-row-2{ padding-top : 0px;margin-top : 0px;padding-right : 0px;padding-bottom : 0px;margin-bottom : 0px;padding-left : 0px;}<\/style><\/div><\/p>\n","protected":false},"excerpt":{"rendered":"","protected":false},"author":1,"featured_media":0,"parent":0,"menu_order":0,"comment_status":"closed","ping_status":"closed","template":"","meta":[],"_links":{"self":[{"href":"https:\/\/www.feriadeteatro.com\/feria2021\/wp-json\/wp\/v2\/pages\/81"}],"collection":[{"href":"https:\/\/www.feriadeteatro.com\/feria2021\/wp-json\/wp\/v2\/pages"}],"about":[{"href":"https:\/\/www.feriadeteatro.com\/feria2021\/wp-json\/wp\/v2\/types\/page"}],"author":[{"embeddable":true,"href":"https:\/\/www.feriadeteatro.com\/feria2021\/wp-json\/wp\/v2\/users\/1"}],"replies":[{"embeddable":true,"href":"https:\/\/www.feriadeteatro.com\/feria2021\/wp-json\/wp\/v2\/comments?post=81"}],"version-history":[{"count":7,"href":"https:\/\/www.feriadeteatro.com\/feria2021\/wp-json\/wp\/v2\/pages\/81\/revisions"}],"predecessor-version":[{"id":6718,"href":"https:\/\/www.feriadeteatro.com\/feria2021\/wp-json\/wp\/v2\/pages\/81\/revisions\/6718"}],"wp:attachment":[{"href":"https:\/\/www.feriadeteatro.com\/feria2021\/wp-json\/wp\/v2\/media?parent=81"}],"curies":[{"name":"wp","href":"https:\/\/api.w.org\/{rel}","templated":true}]}}